{"id":323,"date":"2017-08-05T12:42:01","date_gmt":"2017-08-05T10:42:01","guid":{"rendered":"http:\/\/solidarity.international\/?page_id=323"},"modified":"2017-08-05T12:42:01","modified_gmt":"2017-08-05T10:42:01","slug":"en-internationell-vecka-av-solidaritet-med-fangslade-anarkister","status":"publish","type":"page","link":"https:\/\/solidarity.international\/index.php\/en-internationell-vecka-av-solidaritet-med-fangslade-anarkister\/","title":{"rendered":"En Internationell vecka av Solidaritet med f\u00e4ngslade Anarkister"},"content":{"rendered":"<p>V\u00e4lkomna att ansluta er till den internationella veckan av solidaret med anarkister I f\u00e4ngelse, mellan den 23e och 30e Augusti (f\u00f6r femte g\u00e5ngen I \u00e5r!). Vi blir b\u00e5de fler och starkare tillsammans!<\/p>\n<p>Vissa politiska f\u00e5ngar f\u00e5r redan st\u00f6d p\u00e5 n\u00e5got s\u00e4tt, men det \u00e4r l\u00e5ngt ifr\u00e5n alla. De ofta uppm\u00e4rksammade kan vara involverade I auktorit\u00e4r politik och s\u00e4llan i gr\u00e4srotsaktivitet. Anarkistiska f\u00e5ngar \u00e4r oftast inte s\u00e4rkilt v\u00e4l k\u00e4nda personer, \u00e4ven om de varit aktiva l\u00e4nge. Deras s\u00e4tt att g\u00f6ra motst\u00e5nd f\u00f6ljer n\u00f6dv\u00e4ndigtvis inte de r\u00e5dande lagarna d\u00e4r de bor eller kommer ifr\u00e5n, som best\u00e4ms och d\u00f6ms av n\u00e5gra f\u00e5 auktorit\u00e4ra organisationer. Det stora antalet och den breda variation av fallen som d\u00f6mda eller anklagade anarkister \u00e4r involverade I kan vara \u00f6verraskandef\u00f6r m\u00e5nga.<\/p>\n<p>F\u00f6r att det skulle vara s\u00e5 enkelt som m\u00f6jligt att organisera olika typer av uttryck av solidaritet och s\u00e5 att fler f\u00e5r m\u00f6jlighet att delta och st\u00f6dja, valdes en hel vecka (ist\u00e4llet f\u00f6r bara en viss dag). Starten av veckan \u00e4r datumet d\u00e5 tv\u00e5 Italien-Amerikanska anarkister, Sacco och Vanzetti, avr\u00e4ttades 1927. De st\u00e4lldes \u201cinf\u00f6r r\u00e4tta\u201d n\u00e4stan helt utan bevis, och m\u00e5nga anser \u00e4n idag att de framf\u00f6r allt blev straffade f\u00f6r sina anarkistiska v\u00e4rderingar.<\/p>\n<p>V\u00e4lkomna att vara med! Solidaritet kan uttrycka sig I m\u00e5nga olika former\u2026<\/p>\n<p>En f\u00e5r g\u00e4rna skicka in beskrivningar, artiklar, bilder och rapporter fr\u00e5n era arrangemang och h\u00e4ndelser till adressen: tillallarefree@riseup.net en kan \u00e4ven annonsera planerade arrangemang I f\u00f6rv\u00e4g till samma adress, s\u00e5 l\u00e4gger vi upp dem p\u00e5 hemsidan. https:\/\/solidarity.international\/. Bland sidorna d\u00e4r kan du \u00e4ven hitta exempel och tips p\u00e5 aktioner och st\u00f6dbrev till anarister, l\u00e4nkar till f\u00e4ngslades adresser m.m<\/p>\n","protected":false},"excerpt":{"rendered":"<p>V\u00e4lkomna att ansluta er till den internationella veckan av solidaret med anarkister I f\u00e4ngelse, mellan den 23e och 30e Augusti (f\u00f6r femte g\u00e5ngen I \u00e5r!). Vi blir b\u00e5de fler och starkare tillsammans! Vissa politiska f\u00e5ngar f\u00e5r redan st\u00f6d p\u00e5 n\u00e5got s\u00e4tt, men det \u00e4r l\u00e5ngt ifr\u00e5n alla. De ofta uppm\u00e4rksammade kan vara involverade I auktorit\u00e4r [&hellip;]<\/p>\n","protected":false},"author":2,"featured_media":0,"parent":0,"menu_order":0,"comment_status":"closed","ping_status":"closed","template":"","meta":{"footnotes":""},"class_list":["post-323","page","type-page","status-publish","hentry"],"_links":{"self":[{"href":"https:\/\/solidarity.international\/index.php\/wp-json\/wp\/v2\/pages\/323","targetHints":{"allow":["GET"]}}],"collection":[{"href":"https:\/\/solidarity.international\/index.php\/wp-json\/wp\/v2\/pages"}],"about":[{"href":"https:\/\/solidarity.international\/index.php\/wp-json\/wp\/v2\/types\/page"}],"author":[{"embeddable":true,"href":"https:\/\/solidarity.international\/index.php\/wp-json\/wp\/v2\/users\/2"}],"replies":[{"embeddable":true,"href":"https:\/\/solidarity.international\/index.php\/wp-json\/wp\/v2\/comments?post=323"}],"version-history":[{"count":1,"href":"https:\/\/solidarity.international\/index.php\/wp-json\/wp\/v2\/pages\/323\/revisions"}],"predecessor-version":[{"id":327,"href":"https:\/\/solidarity.international\/index.php\/wp-json\/wp\/v2\/pages\/323\/revisions\/327"}],"wp:attachment":[{"href":"https:\/\/solidarity.international\/index.php\/wp-json\/wp\/v2\/media?parent=323"}],"curies":[{"name":"wp","href":"https:\/\/api.w.org\/{rel}","templated":true}]}}