{"id":320,"date":"2017-08-05T12:42:55","date_gmt":"2017-08-05T10:42:55","guid":{"rendered":"http:\/\/solidarity.international\/?page_id=320"},"modified":"2017-08-05T12:42:55","modified_gmt":"2017-08-05T10:42:55","slug":"mezinarodni-tyden-na-podporu-anarchistickych-veznu","status":"publish","type":"page","link":"https:\/\/solidarity.international\/index.php\/mezinarodni-tyden-na-podporu-anarchistickych-veznu\/","title":{"rendered":"Mezin\u00e1rodn\u00ed t\u00fdden na podporu anarchistick\u00fdch v\u011bz\u0148\u016f"},"content":{"rendered":"<p>Tento rok bude prob\u00edhat Mezin\u00e1rodn\u00ed t\u00fdden na podporu anarchistick\u00fdch v\u011bz\u0148\u016f u\u017e pop\u00e1t\u00e9 mezi 23. a 30. srpnema tento rok p\u0159ich\u00e1z\u00edme siln\u011bj\u0161\u00ed ne\u017e kdy d\u0159\u00edv!<\/p>\n<p>N\u011bkte\u0159\u00ed politi\u010dt\u00ed v\u011bzni maj\u00ed podporu zaji\u0161t\u011bnou, ale zdaleka ne v\u0161ichni. Tak\u00e9 ti podporovan\u00ed jsou v\u011bt\u0161inou sou\u010d\u00e1st\u00ed autoritativn\u00ed politiky nikoliv aktivit zdola. Anarchisti\u010dt\u00ed v\u011bzni nejsou v\u017edy dob\u0159e zn\u00e1m\u00ed lid\u00e9, i kdy\u017e m\u016f\u017eou b\u00fdt dlouhodob\u011b aktivn\u00ed v hnut\u00ed. Jejich zp\u016fsob obrany p\u0159ed utla\u010dovateli se nemus\u00ed v\u017edy slu\u010dovat se z\u00e1kony dan\u00e9 zem\u011b, co\u017e je jim vyt\u00fdk\u00e1no autoritativn\u00edmi organizacemi. Mno\u017estv\u00ed a rozmanitost p\u0159\u00edpad\u016f anarchistick\u00fdch v\u011bz\u0148\u016f je p\u0159ekvapiv\u011b p\u0159\u00edli\u0161 mnoho.<\/p>\n<p>Na\u0161\u00edm z\u00e1m\u011brem bylo vybrat t\u00fdden, ve kter\u00e9m by bylo co nejjednodu\u0161\u0161\u00ed realizovat r\u016fzn\u00e1 vyj\u00e1d\u0159en\u00ed solidarity, kter\u00e9 by se navz\u00e1jem podpo\u0159ily. Jako za\u010d\u00e1tek tohoto t\u00fddne bylo zvoleno datum popravy Sacca a Vanzettiho, dvou italsko-americk\u00fdch anarchist\u016f, v roce 1927. Byli usv\u011bd\u010deni na z\u00e1klad\u011b velmi chatrn\u00fdch d\u016fkaz\u016f a hodn\u011b lid\u00ed dodnes v\u011b\u0159\u00ed, \u017ee byli potrest\u00e1ni za jejich anarchistick\u00e9 p\u0159esv\u011bd\u010den\u00ed.<\/p>\n<p>P\u0159idejte se!<\/p>\n<p>Solidarita se d\u00e1 vyj\u00e1d\u0159it r\u016fzn\u00fdmi zp\u016fsoby.<\/p>\n<p>Pros\u00edme, dejte n\u00e1m v\u011bd\u011bt o va\u0161\u00ed akci na email tillallarefree@riseup.net. M\u016f\u017eete ji tak\u00e9 ozn\u00e1mit p\u0159edem a my ji uvedeme na seznamu akc\u00ed na str\u00e1nk\u00e1ch https:\/\/solidarity.international\/. Najdete zde tak\u00e9 p\u0159\u00edklady a tipy mo\u017en\u00fdch aktivit, jak ps\u00e1t dopisy v\u011bz\u0148\u016fm, odkazy na seznam anrchistick\u00fdch v\u011bz\u0148\u016f a v\u00edce.<\/p>\n","protected":false},"excerpt":{"rendered":"<p>Tento rok bude prob\u00edhat Mezin\u00e1rodn\u00ed t\u00fdden na podporu anarchistick\u00fdch v\u011bz\u0148\u016f u\u017e pop\u00e1t\u00e9 mezi 23. a 30. srpnema tento rok p\u0159ich\u00e1z\u00edme siln\u011bj\u0161\u00ed ne\u017e kdy d\u0159\u00edv! N\u011bkte\u0159\u00ed politi\u010dt\u00ed v\u011bzni maj\u00ed podporu zaji\u0161t\u011bnou, ale zdaleka ne v\u0161ichni. Tak\u00e9 ti podporovan\u00ed jsou v\u011bt\u0161inou sou\u010d\u00e1st\u00ed autoritativn\u00ed politiky nikoliv aktivit zdola. Anarchisti\u010dt\u00ed v\u011bzni nejsou v\u017edy dob\u0159e zn\u00e1m\u00ed lid\u00e9, i kdy\u017e m\u016f\u017eou [&hellip;]<\/p>\n","protected":false},"author":2,"featured_media":0,"parent":0,"menu_order":0,"comment_status":"closed","ping_status":"closed","template":"","meta":{"footnotes":""},"class_list":["post-320","page","type-page","status-publish","hentry"],"_links":{"self":[{"href":"https:\/\/solidarity.international\/index.php\/wp-json\/wp\/v2\/pages\/320","targetHints":{"allow":["GET"]}}],"collection":[{"href":"https:\/\/solidarity.international\/index.php\/wp-json\/wp\/v2\/pages"}],"about":[{"href":"https:\/\/solidarity.international\/index.php\/wp-json\/wp\/v2\/types\/page"}],"author":[{"embeddable":true,"href":"https:\/\/solidarity.international\/index.php\/wp-json\/wp\/v2\/users\/2"}],"replies":[{"embeddable":true,"href":"https:\/\/solidarity.international\/index.php\/wp-json\/wp\/v2\/comments?post=320"}],"version-history":[{"count":1,"href":"https:\/\/solidarity.international\/index.php\/wp-json\/wp\/v2\/pages\/320\/revisions"}],"predecessor-version":[{"id":330,"href":"https:\/\/solidarity.international\/index.php\/wp-json\/wp\/v2\/pages\/320\/revisions\/330"}],"wp:attachment":[{"href":"https:\/\/solidarity.international\/index.php\/wp-json\/wp\/v2\/media?parent=320"}],"curies":[{"name":"wp","href":"https:\/\/api.w.org\/{rel}","templated":true}]}}