{"id":2478,"date":"2024-07-13T11:07:21","date_gmt":"2024-07-13T09:07:21","guid":{"rendered":"https:\/\/solidarity.international\/?page_id=2478"},"modified":"2024-07-22T12:46:14","modified_gmt":"2024-07-22T10:46:14","slug":"convocatoria-a-la-semana-internacional-de-solidaridad-con-lxs-prisionerxs-anarquistas-2024-23-30-agosto","status":"publish","type":"page","link":"https:\/\/solidarity.international\/index.php\/convocatoria-a-la-semana-internacional-de-solidaridad-con-lxs-prisionerxs-anarquistas-2024-23-30-agosto\/","title":{"rendered":"Convocatoria a la Semana Internacional de Solidaridad con lxs Prisionerxs Anarquistas\u00a0 2024 \/\/ 23 \u2013 30 agosto"},"content":{"rendered":"\n<figure class=\"wp-block-image size-large\"><img loading=\"lazy\" decoding=\"async\" width=\"1024\" height=\"724\" src=\"https:\/\/solidarity.international\/wp-content\/uploads\/2024\/07\/poster_web_es-1024x724.jpg\" alt=\"\" class=\"wp-image-2479\" srcset=\"https:\/\/solidarity.international\/wp-content\/uploads\/2024\/07\/poster_web_es-1024x724.jpg 1024w, https:\/\/solidarity.international\/wp-content\/uploads\/2024\/07\/poster_web_es-300x212.jpg 300w, https:\/\/solidarity.international\/wp-content\/uploads\/2024\/07\/poster_web_es-768x543.jpg 768w, https:\/\/solidarity.international\/wp-content\/uploads\/2024\/07\/poster_web_es-1536x1086.jpg 1536w, https:\/\/solidarity.international\/wp-content\/uploads\/2024\/07\/poster_web_es-2048x1448.jpg 2048w, https:\/\/solidarity.international\/wp-content\/uploads\/2024\/07\/poster_web_es-1600x1131.jpg 1600w, https:\/\/solidarity.international\/wp-content\/uploads\/2024\/07\/poster_web_es-780x551.jpg 780w\" sizes=\"auto, (max-width: 1024px) 100vw, 1024px\" \/><\/figure>\n\n\n\n<p><strong>Convocatoria a la Semana de Solidaridad con lxs Presos Anarquistas 2024<\/strong>&nbsp;<\/p>\n\n\n\n<p>Drones militares zumban entre las estrellas y las nubes. A miles de kil\u00f3metros un soldado busca objetivos a los que matar, las emociones quedan lejos de las vidas que est\u00e1n arrebatando. Un adormecimiento creciente ante la brutalidad presente y la propaganda del Estado que se invoca a trav\u00e9s de nuestras pantallas. El agua y la tierra son objetos sobre los que seguir depredando. Como el pozo cavernoso de la mina de carb\u00f3n, estamos siendo vaciados y ahuecados para sostener la cultura del vac\u00edo del capital. La empat\u00eda, el cuidado y el amor que mantienen unidas a nuestras comunidades est\u00e1n siendo atacadas por una vida individualizada bajo el capitalismo, en la que cada unx mira por s\u00ed mismx.<\/p>\n\n\n\n<p>\u00bfQu\u00e9 ha cambiado desde el a\u00f1o pasado hasta el presente en que ponemos los ojos en este texto?&nbsp;<\/p>\n\n\n\n<p>Ha habido un incremento de la vigilancia, endurecimiento de la represi\u00f3n y criminalizaci\u00f3n de las comunicaciones encriptadas, en los llamados a la guerra y el genocidio, as\u00ed como ha continuado la profanaci\u00f3n de la Tierra. El mundo observa con una mezcla de horror y apat\u00eda c\u00f3mo aumenta el n\u00famero de muertos en Gaza, en tanto la invasi\u00f3n en Ucrania alcanza su tercer a\u00f1o. Alrededor de 10.000 prisioneros palestinos son atados a camas, torturados y golpeados hasta la muerte, secuestrados en condiciones brutales en c\u00e1rceles israel\u00edes. En Sud\u00e1n, decenas de miles de personas han muerto y millones est\u00e1n desplazadas, mientras se enfrentan a una hambruna extrema cuando la guerra civil alcanza su 16\u00ba mes. La resistencia militante al golpe militar en Myanmar, que en realidad tuvo \u00e9xito, est\u00e1 siendo transformada por los militares en una guerra civil con un n\u00famero creciente de v\u00edctimas civiles a medida que las tropas del r\u00e9gimen recurren cada vez m\u00e1s a t\u00e1cticas de tierra quemada.<\/p>\n\n\n\n<p>Se espera de quienes vivimos bajo la fragilidad de la \u00abpaz\u00bb neoliberal, que adoptemos posturas pol\u00edticas carentes de sentimientos humanos o acciones significativas. \u00bfC\u00f3mo romper este velo artificial construido para que las \u00abzonas de guerra\u00bb parezcan un mundo lejano, cuando los cargamentos de armas y las redes de di\u00e1spora cuentan una historia diferente? \u00bfC\u00f3mo recuperar nuestra humanidad y nuestra capacidad de acci\u00f3n, comprendiendo la urgencia y dejando espacio para sentir, lamentar y actuar, codo con codo contra esta monstruosidad? \u00bfY c\u00f3mo mantener este tejido de resistencia que desaf\u00eda los ciclos de noticias y la pol\u00edtica de los Estados naci\u00f3n, reconociendo las luchas por la supervivencia y la liberaci\u00f3n contra la colonizaci\u00f3n y la extracci\u00f3n de recursos en curso, que se est\u00e1n materializando en todo el mundo fuera de los focos de las noticias?&nbsp;<\/p>\n\n\n\n<p><strong>\u00bfQu\u00e9 hay que hacer? <\/strong>A vueltas con estas preguntas. La empat\u00eda y la solidaridad son la medicina m\u00e1s fuerte contra las realidades actuales a las que nos enfrentamos. La empat\u00eda y la solidaridad son las razones por la que estamos aqu\u00ed: nuestros corazones abrazan estas palabras. Elegimos compartir el peso del dolor y dar pasos hacia la acci\u00f3n en este tejido de resistencia que se ha ido tejiendo a trav\u00e9s del tiempo en esta tierra. \u00bfNo es acaso nuestro anhelo por las fuerzas del cuidado, la creaci\u00f3n y la destrucci\u00f3n lo que nos re\u00fane en torno a nuestras hogueras? \u00bfNo es porque deseamos comprender y saludar el dolor de los dem\u00e1s y buscar la liberaci\u00f3n de la opresi\u00f3n por lo que mostramos solidaridad con nuestrxs compa\u00f1erxs que soportan la dura carga de la represi\u00f3n?&nbsp;<\/p>\n\n\n\n<p>Hay demasiadas atrocidades, demasiados esp\u00edritus hermosos arrebatados de este mundo para llorarlos a todxs. Entre el derramamiento de sangre viven los esp\u00edritus de quienes eligen resistir contra este orden hegem\u00f3nico, contra las ruedas de molino del genocidio y el colonialismo. Hay quienes, a lo largo del giro de esta tierra, eligen no ignorar las fuerzas que depredan la vida libre. Muchos han elegido saludar a estas fuerzas con los pu\u00f1os cerrados y una sonrisa de mejilla a mejilla. Estoy seguro de que t\u00fa tambi\u00e9n compartes esto, tal vez sin sonre\u00edr, pero estamos aqu\u00ed de nuevo. Con el tiempo, con fuerza y paciencia profundizaremos nuestras constelaciones, nos fortaleceremos y tejeremos nuevas redes, junto a los ciclos de la tierra cambiamos, crecemos y aprendemos.&nbsp;<\/p>\n\n\n\n<p><strong>Con fuerza hacemos este llamamiento a la acci\u00f3n para una semana de solidaridad con los presxs anarquistas.<\/strong> Que nuestras palabras no mueran en nuestras bocas, sino que nuestras ideas y acciones se hagan realidad.&nbsp;<\/p>\n\n\n\n<p>Organiza actos de solidaridad, proyecciones de pel\u00edculas, entrega de pancartas, rondas de debate, acciones directas, programas de radio, env\u00edo de cartas&#8230; \u00a1s\u00e9 creativx!<\/p>\n\n\n\n<p><strong>Recordemos a quienes lucharon contra esta injusticia y pagaron con su vida.<\/strong><\/p>\n\n\n\n<p><strong>No olvidemos a nuestrxs compa\u00f1erxs encarcelados y mostremos el calor de la solidaridad.<\/strong><\/p>\n\n\n\n<p><strong>\u00a1Nadie ser\u00e1 libre hasta que todos lo seamos!<\/strong><\/p>\n\n\n\n<p>Env\u00edanos tus actos y acciones a tillallarefree@riseup.net<\/p>\n\n\n\n<p>P\u00f3ster para imprimir en mayor resoluci\u00f3n:<\/p>\n\n\n\n<div class=\"wp-block-file\"><a id=\"wp-block-file--media-7e991cee-d6dc-45f0-a67a-619d43238ce9\" href=\"https:\/\/solidarity.international\/wp-content\/uploads\/2024\/07\/poster_es.png\">poster_es<\/a><a href=\"https:\/\/solidarity.international\/wp-content\/uploads\/2024\/07\/poster_es.png\" class=\"wp-block-file__button wp-element-button\" download aria-describedby=\"wp-block-file--media-7e991cee-d6dc-45f0-a67a-619d43238ce9\">Download<\/a><\/div>\n\n\n\n<p><br><\/p>\n","protected":false},"excerpt":{"rendered":"<p>Convocatoria a la Semana de Solidaridad con lxs Presos Anarquistas 2024&nbsp; Drones militares zumban entre las estrellas y las nubes. A miles de kil\u00f3metros un soldado busca objetivos a los que matar, las emociones quedan lejos de las vidas que est\u00e1n arrebatando. Un adormecimiento creciente ante la brutalidad presente y la propaganda del Estado que [&hellip;]<\/p>\n","protected":false},"author":2,"featured_media":0,"parent":0,"menu_order":0,"comment_status":"closed","ping_status":"closed","template":"","meta":{"footnotes":""},"class_list":["post-2478","page","type-page","status-publish","hentry"],"_links":{"self":[{"href":"https:\/\/solidarity.international\/index.php\/wp-json\/wp\/v2\/pages\/2478","targetHints":{"allow":["GET"]}}],"collection":[{"href":"https:\/\/solidarity.international\/index.php\/wp-json\/wp\/v2\/pages"}],"about":[{"href":"https:\/\/solidarity.international\/index.php\/wp-json\/wp\/v2\/types\/page"}],"author":[{"embeddable":true,"href":"https:\/\/solidarity.international\/index.php\/wp-json\/wp\/v2\/users\/2"}],"replies":[{"embeddable":true,"href":"https:\/\/solidarity.international\/index.php\/wp-json\/wp\/v2\/comments?post=2478"}],"version-history":[{"count":3,"href":"https:\/\/solidarity.international\/index.php\/wp-json\/wp\/v2\/pages\/2478\/revisions"}],"predecessor-version":[{"id":2559,"href":"https:\/\/solidarity.international\/index.php\/wp-json\/wp\/v2\/pages\/2478\/revisions\/2559"}],"wp:attachment":[{"href":"https:\/\/solidarity.international\/index.php\/wp-json\/wp\/v2\/media?parent=2478"}],"curies":[{"name":"wp","href":"https:\/\/api.w.org\/{rel}","templated":true}]}}