{"id":2468,"date":"2024-07-13T11:03:38","date_gmt":"2024-07-13T09:03:38","guid":{"rendered":"https:\/\/solidarity.international\/?page_id=2468"},"modified":"2024-07-16T10:42:30","modified_gmt":"2024-07-16T08:42:30","slug":"aufruf-zur-internationalen-woche-der-solidaritat-mit-anarchistischen-gefangenen-2023-23-30-august-2","status":"publish","type":"page","link":"https:\/\/solidarity.international\/index.php\/aufruf-zur-internationalen-woche-der-solidaritat-mit-anarchistischen-gefangenen-2023-23-30-august-2\/","title":{"rendered":"Aufruf zur Internationalen Woche der Solidarit\u00e4t mit Anarchistischen Gefangenen 2024 \/\/ 23. \u2013 30. August"},"content":{"rendered":"\n<figure class=\"wp-block-image size-large\"><img loading=\"lazy\" decoding=\"async\" width=\"1024\" height=\"724\" src=\"https:\/\/solidarity.international\/wp-content\/uploads\/2024\/07\/poster_web_de-1024x724.jpg\" alt=\"\" class=\"wp-image-2469\" srcset=\"https:\/\/solidarity.international\/wp-content\/uploads\/2024\/07\/poster_web_de-1024x724.jpg 1024w, https:\/\/solidarity.international\/wp-content\/uploads\/2024\/07\/poster_web_de-300x212.jpg 300w, https:\/\/solidarity.international\/wp-content\/uploads\/2024\/07\/poster_web_de-768x543.jpg 768w, https:\/\/solidarity.international\/wp-content\/uploads\/2024\/07\/poster_web_de-1536x1086.jpg 1536w, https:\/\/solidarity.international\/wp-content\/uploads\/2024\/07\/poster_web_de-2048x1448.jpg 2048w, https:\/\/solidarity.international\/wp-content\/uploads\/2024\/07\/poster_web_de-1600x1131.jpg 1600w, https:\/\/solidarity.international\/wp-content\/uploads\/2024\/07\/poster_web_de-780x551.jpg 780w\" sizes=\"auto, (max-width: 1024px) 100vw, 1024px\" \/><\/figure>\n\n\n\n<hr class=\"wp-block-separator has-alpha-channel-opacity\"\/>\n\n\n\n<p>Poster zum drucken in gr\u00f6\u00dferer Aufl\u00f6sung<\/p>\n\n\n\n<div class=\"wp-block-file\"><a id=\"wp-block-file--media-d817c223-48c6-43a7-b205-27617fbe7d8d\" href=\"https:\/\/solidarity.international\/wp-content\/uploads\/2024\/07\/poster_de.png\">poster_de<\/a><a href=\"https:\/\/solidarity.international\/wp-content\/uploads\/2024\/07\/poster_de.png\" class=\"wp-block-file__button wp-element-button\" download aria-describedby=\"wp-block-file--media-d817c223-48c6-43a7-b205-27617fbe7d8d\">Download<\/a><\/div>\n\n\n\n<hr class=\"wp-block-separator has-alpha-channel-opacity\"\/>\n\n\n\n<h2 class=\"wp-block-heading\"><strong>Aufruf zur Woche der Solidarit\u00e4t mit anarchistischen Gefangenen 2024<\/strong><\/h2>\n\n\n\n<p>Milit\u00e4rdrohnen schwirren zwischen den Sternen und Wolken. Ein Soldat, der Tausende von Kilometern entfernt ist, sucht nach Zielen, die er t\u00f6ten kann, gef\u00fchlsm\u00e4\u00dfig weit entfernt von dem Leben, das er nimmt. Eine wachsende Gef\u00fchllosigkeit gegen\u00fcber der gegenw\u00e4rtigen Brutalit\u00e4t und der staatlichen Propaganda, die sich \u00fcber unsere Bildschirme verbreitet.&nbsp; Wasser und das Land sind Objekte, die weiter ausgebeutet werden. Wie die h\u00f6hlenartige Grube des Kohlebergwerks werden auch wir geleert und ausgeh\u00f6hlt, um die Kultur der Leere des Kapitals zu erhalten. Empathie, F\u00fcrsorge und Liebe, die unsere Gemeinschaften zusammenhalten, werden angegriffen, f\u00fcr eines individualisierten Lebens im Kapitalismus, wo jeder nur auf sich selbst achtet.<\/p>\n\n\n\n<p>Was hat sich seit dem letzten Jahr bis zu dem Moment, an dem wir diesen Text zur Hand nehmen, ver\u00e4ndert?<br>Die \u00dcberwachung hat zugenommen, die Repression wurde versch\u00e4rft und die verschl\u00fcsselte Kommunikation kriminalisiert, die Flammen des Krieges und Genozids lodern und die Zerst\u00f6rung der Erde geht weiter. Die Welt sieht mit einer Mischung aus Entsetzen und Gleichg\u00fcltigkeit zu, wie die Zahl der Todesopfer in Gaza steigt und die Invasion in der Ukraine ihr drittes Jahr erreicht. Etwa 10.000 pal\u00e4stinensische Gefangene werden an Betten gefesselt, gefoltert und zu Tode gepr\u00fcgelt &#8211; sie werden unter brutalen Bedingungen in israelischen Gef\u00e4ngnissen gehalten. Im Sudan wurden Zehntausende Menschen get\u00f6tet und Millionen vertrieben, und gleichzeitig sind sie von einer extremen Hungersnot bedroht, w\u00e4hrend der B\u00fcrgerkrieg mittlerweile seit 16 Monaten andauert. Der eigentlich erfolgreiche militante Widerstand gegen den Milit\u00e4rputsch in Myanmar wird vom Milit\u00e4r in einen B\u00fcrgerkrieg umgewandelt. Dieser fordert immer mehr Opfer unter der Zivilbev\u00f6lkerung, da die Truppen des Regimes zunehmend auf die Taktik der verbrannten Erde zur\u00fcckgreifen.<\/p>\n\n\n\n<p>Von uns, die wir unter der Zerbrechlichkeit des neoliberalen &#8220;Friedens&#8221; leben, wird erwartet, dass wir politische Positionen einnehmen, die frei von menschlichen Gef\u00fchlen oder sinnvollem Handeln sind. Wie kann dieser k\u00fcnstliche Schleier durchbrochen werden, der die &#8220;Kriegsgebiete&#8221; als eine weit entfernte Welt erscheinen l\u00e4sst, wenn die Waffenlieferungen und die Netze der Diaspora eine andere Geschichte erz\u00e4hlen? Wie k\u00f6nnen wir uns unsere Menschlichkeit und unsere Handlungsf\u00e4higkeit zur\u00fcckerobern, indem wir die Dringlichkeit verstehen und gleichzeitig Raum f\u00fcr Gef\u00fchle, Trauer und Handeln schaffen, um Hand in Hand gegen diese Ungeheuerlichkeit zu stehen? Und wie k\u00f6nnen wir dieses Widerstandsgeflecht aufrechterhalten, das sich den Nachrichtenzyklen und der Politik der Nationalstaaten entzieht, indem wir die \u00dcberlebens- und Befreiungsk\u00e4mpfe gegen die fortschreitende Kolonialisierung und den Ressourcenabbau anerkennen, die sich weltweit au\u00dferhalb der Nachrichtenscheinwerfer abspielen?<\/p>\n\n\n\n<p><strong>Was ist zu tun?<\/strong> Mit diesen Fragen besch\u00e4ftigen wir uns immer wieder aufs Neue. Empathie und Solidarit\u00e4t sind die st\u00e4rkste Medizin gegen die aktuellen Realit\u00e4ten, mit denen wir konfrontiert sind. Empathie und Solidarit\u00e4t sind der Grund, warum wir hier sind &#8211; unsere Herzen umarmen diese Worte. Wir haben uns entschlossen, die Last der Trauer zu teilen und Schritte zum Handeln in diesem Gewebe des Widerstands zu unternehmen, das im Laufe der Zeit auf dieser Erde gewoben wurde. Ist es nicht unsere Sehnsucht nach den Kr\u00e4ften der F\u00fcrsorge, der Sch\u00f6pfung und der Zerst\u00f6rung, die uns um unsere Feuer versammelt? Ist es nicht unser Wunsch, den Schmerz der anderen zu verstehen und zu w\u00fcrdigen und uns von der Unterdr\u00fcckung zu befreien, wenn wir uns mit unseren Gef\u00e4hrt*innen solidarisch zeigen, die die schwere Last der Unterdr\u00fcckung tragen?<\/p>\n\n\n\n<p>Es gibt zu viele Gr\u00e4ueltaten, zu viele sch\u00f6ne Wesen, die von dieser Welt genommen wurden, um sie alle zu betrauern. Inmitten des Blutvergie\u00dfens leben die Seelen derer, die sich gegen diese hegemoniale Ordnung, gegen die mahlenden M\u00fchlen des Genozids und des Kolonialismus wehren. Es gibt diejenigen, die sich w\u00e4hrend der gesamten Umw\u00e4lzung dieser Erde daf\u00fcr entscheiden, die Kr\u00e4fte, die das freie Leben ausbeuten, nicht zu ignorieren. Viele haben sich daf\u00fcr entschieden, diesen Kr\u00e4ften mit geballten F\u00e4usten und einem Grinsen auf den Wangen zu begegnen. Ich bin mir sicher, dass auch ihr das tut, vielleicht nicht mit einem L\u00e4cheln, aber wir sind wieder hier. Mit Zeit, Kraft und Geduld vertiefen wir unsere Beziehungen, wir st\u00e4rken und weben neue Netze, wir ver\u00e4ndern uns, wachsen und lernen mit den Zyklen der Erde.<\/p>\n\n\n\n<p><strong>Mit Kraft rufen wir zu einer Aktionswoche der Solidarit\u00e4t mit anarchistischen Gefangenen auf.<\/strong> Lasst unsere Worte nicht in unseren M\u00fcndern sterben, sondern unsere Ideen und Taten verwirklichen.<\/p>\n\n\n\n<p>Organisiert Solidarit\u00e4tsveranstaltungen, Filmvorf\u00fchrungen, Transparente, Diskussionsrunden, direkte Aktionen, Radiosendungen, Briefeschreibevents &#8230; seid kreativ!<\/p>\n\n\n\n<p><strong>Erinnern wir uns an diejenigen, die gegen diese Ungerechtigkeit gek\u00e4mpft und mit ihrem Leben bezahlt haben.<\/strong><br><strong>Lasst uns unsere Gef\u00e4hrt*innen im Knast nicht vergessen und die W\u00e4rme der Solidarit\u00e4t zeigen!<\/strong><\/p>\n\n\n\n<p><strong>Keine*r ist frei, bis alle frei sind!<\/strong><\/p>\n\n\n\n<p>Bitte sendet uns eure Veranstaltungen und Aktionen an tillallarefree@riseup.net.<\/p>\n","protected":false},"excerpt":{"rendered":"<p>Poster zum drucken in gr\u00f6\u00dferer Aufl\u00f6sung Aufruf zur Woche der Solidarit\u00e4t mit anarchistischen Gefangenen 2024 Milit\u00e4rdrohnen schwirren zwischen den Sternen und Wolken. Ein Soldat, der Tausende von Kilometern entfernt ist, sucht nach Zielen, die er t\u00f6ten kann, gef\u00fchlsm\u00e4\u00dfig weit entfernt von dem Leben, das er nimmt. Eine wachsende Gef\u00fchllosigkeit gegen\u00fcber der gegenw\u00e4rtigen Brutalit\u00e4t und der [&hellip;]<\/p>\n","protected":false},"author":2,"featured_media":0,"parent":0,"menu_order":0,"comment_status":"closed","ping_status":"closed","template":"","meta":{"footnotes":""},"class_list":["post-2468","page","type-page","status-publish","hentry"],"_links":{"self":[{"href":"https:\/\/solidarity.international\/index.php\/wp-json\/wp\/v2\/pages\/2468","targetHints":{"allow":["GET"]}}],"collection":[{"href":"https:\/\/solidarity.international\/index.php\/wp-json\/wp\/v2\/pages"}],"about":[{"href":"https:\/\/solidarity.international\/index.php\/wp-json\/wp\/v2\/types\/page"}],"author":[{"embeddable":true,"href":"https:\/\/solidarity.international\/index.php\/wp-json\/wp\/v2\/users\/2"}],"replies":[{"embeddable":true,"href":"https:\/\/solidarity.international\/index.php\/wp-json\/wp\/v2\/comments?post=2468"}],"version-history":[{"count":4,"href":"https:\/\/solidarity.international\/index.php\/wp-json\/wp\/v2\/pages\/2468\/revisions"}],"predecessor-version":[{"id":2555,"href":"https:\/\/solidarity.international\/index.php\/wp-json\/wp\/v2\/pages\/2468\/revisions\/2555"}],"wp:attachment":[{"href":"https:\/\/solidarity.international\/index.php\/wp-json\/wp\/v2\/media?parent=2468"}],"curies":[{"name":"wp","href":"https:\/\/api.w.org\/{rel}","templated":true}]}}