{"id":2444,"date":"2024-07-13T10:52:47","date_gmt":"2024-07-13T08:52:47","guid":{"rendered":"https:\/\/solidarity.international\/?page_id=2444"},"modified":"2024-07-22T12:44:50","modified_gmt":"2024-07-22T10:44:50","slug":"miedzynarodowy-tydzien-solidarnosci-z-uwiezionymi-anarchist-k-ami-2022-23-30-sierpnia","status":"publish","type":"page","link":"https:\/\/solidarity.international\/index.php\/miedzynarodowy-tydzien-solidarnosci-z-uwiezionymi-anarchist-k-ami-2022-23-30-sierpnia\/","title":{"rendered":"Mi\u0119dzynarodowy Tydzie\u0144 Solidarno\u015bci z Uwi\u0119zionymi Anarchist.k.ami 2024 \/\/ 23 \u2013 30 sierpnia"},"content":{"rendered":"\n<figure class=\"wp-block-image size-large\"><img loading=\"lazy\" decoding=\"async\" width=\"1024\" height=\"724\" src=\"https:\/\/solidarity.international\/wp-content\/uploads\/2024\/07\/poster_web_pl-1024x724.jpg\" alt=\"\" class=\"wp-image-2445\" srcset=\"https:\/\/solidarity.international\/wp-content\/uploads\/2024\/07\/poster_web_pl-1024x724.jpg 1024w, https:\/\/solidarity.international\/wp-content\/uploads\/2024\/07\/poster_web_pl-300x212.jpg 300w, https:\/\/solidarity.international\/wp-content\/uploads\/2024\/07\/poster_web_pl-768x543.jpg 768w, https:\/\/solidarity.international\/wp-content\/uploads\/2024\/07\/poster_web_pl-1536x1086.jpg 1536w, https:\/\/solidarity.international\/wp-content\/uploads\/2024\/07\/poster_web_pl-2048x1448.jpg 2048w, https:\/\/solidarity.international\/wp-content\/uploads\/2024\/07\/poster_web_pl-1600x1131.jpg 1600w, https:\/\/solidarity.international\/wp-content\/uploads\/2024\/07\/poster_web_pl-780x551.jpg 780w\" sizes=\"auto, (max-width: 1024px) 100vw, 1024px\" \/><\/figure>\n\n\n\n<p>Wojskowe drony brz\u0119cz\u0105 w\u015br\u00f3d gwiazd i chmur. Tysi\u0105ce kilometr\u00f3w od tego miejsca \u017co\u0142nierz szuka cel\u00f3w do zabicia, z emocjami oddalonymi od \u017cycia, kt\u00f3re odbiera. Ro\u015bnie zoboj\u0119tnienie na obecn\u0105 brutalno\u015b\u0107 i pa\u0144stwow\u0105 propagand\u0119, kt\u00f3ra pojawia si\u0119 na naszych ekranach. Woda i ziemia s\u0105 przedmiotami, na kt\u00f3rych mo\u017cna dalej \u017cerowa\u0107. Podobnie jak przepastne do\u0142y kopalni w\u0119gla, jeste\u015bmy pustoszeni i eksploatowane w celu podtrzymania kultury pustki kapita\u0142u. Empatia, troska i mi\u0142o\u015b\u0107, kt\u00f3re podtrzymuj\u0105 nasze spo\u0142eczno\u015bci razem, s\u0105 atakowane na rzecz zindywidualizowanego \u017cycia w kapitalizmie, w kt\u00f3rym ka\u017cdx dba o siebie.<\/p>\n\n\n\n<p>Co zmieni\u0142o si\u0119 od ostatniego roku do momentu, w kt\u00f3rym czytamy ten tekst?<\/p>\n\n\n\n<p>Zwi\u0119kszona inwigilacja, zaostrzenie represji i kryminalizacja szyfrowanej komunikacji, p\u0142omienie wojny i ludob\u00f3jstwa, ci\u0105g\u0142e bezczeszczenie ziemi. \u015awiat przygl\u0105da si\u0119 z mieszanin\u0105 grozy i apatii jak ro\u015bnie liczba ofiar \u015bmiertelnych w Strefie Gazy, a inwazja na Ukrain\u0119 trwa ju\u017c trzeci rok. Oko\u0142o 10 000 palesty\u0144skich wi\u0119\u017ani\u00f3w jest przywi\u0105zanych do \u0142\u00f3\u017cek, torturowanych i bitych na \u015bmier\u0107 &#8211; przetrzymywanych jako zak\u0142adnicy w brutalnych warunkach w izraelskich wi\u0119zieniach. W Sudanie zgin\u0119\u0142y dziesi\u0105tki tysi\u0119cy ludzi, a miliony zosta\u0142y przesiedlone i stoj\u0105 w obliczu skrajnego g\u0142odu, poniewa\u017c wojna domowa trwa ju\u017c 16 miesi\u0119cy. Udany z pocz\u0105tku zbrojny op\u00f3r przeciwko wojskowemu zamachowi stanu w Birmie jest przekszta\u0142cany obecnie przez wojsko w wojn\u0119 domow\u0105 z rosn\u0105c\u0105 liczb\u0105 ofiar w\u015br\u00f3d ludno\u015bci cywilnej, poniewa\u017c wojska re\u017cimu coraz cz\u0119\u015bciej uciekaj\u0105 si\u0119 do taktyki spalonej ziemi. Od tych z nas, kt\u00f3rzy i kt\u00f3re \u017cyj\u0105 w krucho\u015bci neoliberalnego \u201epokoju\u201d, oczekuje si\u0119, \u017ce zajm\u0105 stanowisko polityczne pozbawione ludzkich uczu\u0107 i znacz\u0105cych dzia\u0142a\u0144. Jak zerwa\u0107 t\u0119 sztuczn\u0105 zas\u0142on\u0119 skonstruowan\u0105 tak, by \u201estrefy wojny\u201d wydawa\u0142y si\u0119 odleg\u0142ym \u015bwiatem, podczas gdy transporty broni i sieci diaspor opowiadaj\u0105 inn\u0105 histori\u0119? Jak przywr\u00f3ci\u0107 nasze cz\u0142owiecze\u0144stwo i nasz\u0105 sprawczo\u015b\u0107, rozumiej\u0105c piln\u0105 potrzeb\u0119 dzia\u0142ania i jednocze\u015bnie daj\u0105c przestrze\u0144 do odczuwania emocji, prze\u017cywania \u017ca\u0142oby i dzia\u0142ania? Jak rami\u0119 w rami\u0119 stawa\u0107 przeciwko tej potworno\u015bci? I jak utrzyma\u0107 t\u0119 tkank\u0119 oporu, kt\u00f3ra przeciwstawia si\u0119 g\u0142\u00f3wnemu obiegowi informacyjnemu i polityce pa\u0144stw narodowych, jednocze\u015bnie uznaj\u0105c walk\u0119 o przetrwanie i wyzwolenie od ci\u0105g\u0142ej kolonizacji i eksploatacji zasob\u00f3w, pozostaj\u0105c\u0105 poza reflektorami wiadomo\u015bci?<\/p>\n\n\n\n<p>Co nale\u017cy zrobi\u0107? Nieustannie powracamy do tych pyta\u0144. Empatia i solidarno\u015b\u0107 to najsilniejsze lekarstwo na zastan\u0105 rzeczywisto\u015b\u0107. Empatia i solidarno\u015b\u0107 s\u0105 powodem, dla kt\u00f3rego tu jeste\u015bmy &#8211; nasze serca wype\u0142niaj\u0105 si\u0119 tymi s\u0142owami. Decydujemy si\u0119 wsp\u00f3\u0142dzieli\u0107 ci\u0119\u017car \u017ca\u0142oby i podejmowa\u0107 kroki w kierunku dzia\u0142ania w tej strukturze oporu, kt\u00f3ra by\u0142a budowana z biegiem czasu. Czy to nie z t\u0119sknoty za moc\u0105 troski, tworzenia i destrukcji gromadzimy si\u0119 wok\u00f3\u0142 naszych ognisk? Czy to nie dlatego okazujemy solidarno\u015b\u0107 z naszymi towarzysz.k.ami znosz\u0105cymi ci\u0119\u017car represj, bo chcemy zrozumie\u0107 i uzna\u0107 b\u00f3l dotykaj\u0105cy nas wszystkich i szuka\u0107 wolno\u015bci od ucisku?<\/p>\n\n\n\n<p>Za wiele okrucie\u0144stwa, za wiele pi\u0119knych umys\u0142\u00f3w zabranych z tego \u015bwiata, by m\u00f3c je wszystkie op\u0142aka\u0107. W\u015br\u00f3d rozlewu krwi \u017cyj\u0105 duchy os\u00f3b, kt\u00f3re zdecydowa\u0142y si\u0119 przeciwstawi\u0107 temu hegemonicznemu porz\u0105dkowi, przeciwko mia\u017cd\u017c\u0105cym ko\u0142om ludob\u00f3jstwa i kolonializmu. S\u0105 osoby, kt\u00f3re zdecydowa\u0142y si\u0119 nie ignorowa\u0107 si\u0142 \u017ceruj\u0105cych na wolnym \u017cyciu. Wiele postanowi\u0142o powita\u0107 te si\u0142y z zaci\u015bni\u0119tymi pi\u0119\u015bciami i u\u015bmiechem od ucha do ucha. Jeste\u015bmy pewnx, \u017ce wy te\u017c to podzielacie. By\u0107 mo\u017ce bez u\u015bmiechu na ustach, ale zn\u00f3w tu jeste\u015bmy. Z czasem, z si\u0142\u0105 i cierpliwo\u015bci\u0105 pog\u0142\u0119biamy nasze konstelacje, wzmacniamy i tkamy nowe sieci. Wraz z cyklami ziemi zmieniamy si\u0119, ro\u015bniemy i uczymy si\u0119.<\/p>\n\n\n\n<p>Z ca\u0142\u0105 moc\u0105 wzywamy do dzia\u0142ania w tygodniu solidarno\u015bci z uwi\u0119zionymi anarchist.k.ami. Niech nasze s\u0142owa nie obumr\u0105 w naszych ustach, ale nasze idee i dzia\u0142ania zostan\u0105 zrealizowane.<\/p>\n\n\n\n<p>Organizujmy wydarzenia solidarno\u015bciowe, pokazy film\u00f3w, wywieszanie baner\u00f3w, dyskusje, akcje bezpo\u015brednie, audycje radiowe, pisanie list\u00f3w&#8230; b\u0105d\u017amy kreatywnx!<\/p>\n\n\n\n<p>Pami\u0119tajmy o osobach, kt\u00f3re walczy\u0142y z t\u0105 niesprawiedliwo\u015bci\u0105 i zap\u0142aci\u0142y za to \u017cyciem.<\/p>\n\n\n\n<p>Niech nasi przyjaciele i przyjaci\u00f3\u0142ki w wi\u0119zieniach nie zostan\u0105 zapomniane i oka\u017cmy gor\u0105c\u0105 solidarno\u015b\u0107!<\/p>\n\n\n\n<p>Nikt nie jest wolnx, dop\u00f3ki wszyscy i wszystkie nie b\u0119da wolnx!<\/p>\n\n\n\n<p>Przesy\u0142ajcie nam informacje o swoich wydarzeniach i akcjach na adres tillallarefree@riseup.net.<\/p>\n\n\n\n<p>Plakat do wydrukowania w wi\u0119kszej rozdzielczo\u015bci:<\/p>\n\n\n\n<div class=\"wp-block-file\"><a id=\"wp-block-file--media-12157f85-e53f-4c97-b53c-837ff132260f\" href=\"https:\/\/solidarity.international\/wp-content\/uploads\/2024\/07\/poster_pl.png\">Poster_pl<\/a><a href=\"https:\/\/solidarity.international\/wp-content\/uploads\/2024\/07\/poster_pl.png\" class=\"wp-block-file__button wp-element-button\" download aria-describedby=\"wp-block-file--media-12157f85-e53f-4c97-b53c-837ff132260f\">Download<\/a><\/div>\n","protected":false},"excerpt":{"rendered":"<p>Wojskowe drony brz\u0119cz\u0105 w\u015br\u00f3d gwiazd i chmur. Tysi\u0105ce kilometr\u00f3w od tego miejsca \u017co\u0142nierz szuka cel\u00f3w do zabicia, z emocjami oddalonymi od \u017cycia, kt\u00f3re odbiera. Ro\u015bnie zoboj\u0119tnienie na obecn\u0105 brutalno\u015b\u0107 i pa\u0144stwow\u0105 propagand\u0119, kt\u00f3ra pojawia si\u0119 na naszych ekranach. Woda i ziemia s\u0105 przedmiotami, na kt\u00f3rych mo\u017cna dalej \u017cerowa\u0107. Podobnie jak przepastne do\u0142y kopalni w\u0119gla, jeste\u015bmy [&hellip;]<\/p>\n","protected":false},"author":2,"featured_media":0,"parent":0,"menu_order":0,"comment_status":"closed","ping_status":"closed","template":"","meta":{"footnotes":""},"class_list":["post-2444","page","type-page","status-publish","hentry"],"_links":{"self":[{"href":"https:\/\/solidarity.international\/index.php\/wp-json\/wp\/v2\/pages\/2444","targetHints":{"allow":["GET"]}}],"collection":[{"href":"https:\/\/solidarity.international\/index.php\/wp-json\/wp\/v2\/pages"}],"about":[{"href":"https:\/\/solidarity.international\/index.php\/wp-json\/wp\/v2\/types\/page"}],"author":[{"embeddable":true,"href":"https:\/\/solidarity.international\/index.php\/wp-json\/wp\/v2\/users\/2"}],"replies":[{"embeddable":true,"href":"https:\/\/solidarity.international\/index.php\/wp-json\/wp\/v2\/comments?post=2444"}],"version-history":[{"count":3,"href":"https:\/\/solidarity.international\/index.php\/wp-json\/wp\/v2\/pages\/2444\/revisions"}],"predecessor-version":[{"id":2558,"href":"https:\/\/solidarity.international\/index.php\/wp-json\/wp\/v2\/pages\/2444\/revisions\/2558"}],"wp:attachment":[{"href":"https:\/\/solidarity.international\/index.php\/wp-json\/wp\/v2\/media?parent=2444"}],"curies":[{"name":"wp","href":"https:\/\/api.w.org\/{rel}","templated":true}]}}