{"id":2179,"date":"2023-08-14T18:46:29","date_gmt":"2023-08-14T16:46:29","guid":{"rendered":"https:\/\/solidarity.international\/?page_id=2179"},"modified":"2023-08-14T18:46:30","modified_gmt":"2023-08-14T16:46:30","slug":"semaine-internationale-de-solidarite-avec-les-prisonnier-e-s-anarchistes-2023-23-30-aout","status":"publish","type":"page","link":"https:\/\/solidarity.international\/index.php\/semaine-internationale-de-solidarite-avec-les-prisonnier-e-s-anarchistes-2023-23-30-aout\/","title":{"rendered":"Semaine Internationale de Solidarit\u00e9 avec les Prisonni\u00e8r\u00b7e\u00b7s Anarchistes\u00a02023 \/\/ 23 \u2013 30\u00a0ao\u00fbt"},"content":{"rendered":"\n<figure class=\"wp-block-image size-large\"><img loading=\"lazy\" decoding=\"async\" width=\"1024\" height=\"724\" src=\"https:\/\/solidarity.international\/wp-content\/uploads\/2023\/08\/plakat-fr-web-1024x724.jpg\" alt=\"\" class=\"wp-image-2180\" srcset=\"https:\/\/solidarity.international\/wp-content\/uploads\/2023\/08\/plakat-fr-web-1024x724.jpg 1024w, https:\/\/solidarity.international\/wp-content\/uploads\/2023\/08\/plakat-fr-web-300x212.jpg 300w, https:\/\/solidarity.international\/wp-content\/uploads\/2023\/08\/plakat-fr-web-768x543.jpg 768w, https:\/\/solidarity.international\/wp-content\/uploads\/2023\/08\/plakat-fr-web-1536x1086.jpg 1536w, https:\/\/solidarity.international\/wp-content\/uploads\/2023\/08\/plakat-fr-web-2048x1448.jpg 2048w, https:\/\/solidarity.international\/wp-content\/uploads\/2023\/08\/plakat-fr-web-1600x1131.jpg 1600w, https:\/\/solidarity.international\/wp-content\/uploads\/2023\/08\/plakat-fr-web-780x551.jpg 780w\" sizes=\"auto, (max-width: 1024px) 100vw, 1024px\" \/><\/figure>\n\n\n\n<hr class=\"wp-block-separator has-alpha-channel-opacity\"\/>\n\n\n\n<p>Le monde est en flammes. La crise climatique ne fait qu&#8217;empirer. A la place des masques contre le Covid-19, les gens doivent d\u00e9sormais porter des masques contre les feux de for\u00eats. Au m\u00eame moment, des territoires entiers sont inond\u00e9s par des pluies torrentielles caus\u00e9es par la pollution environmentale constante. Rien de tout cela n&#8217;est d\u00fb \u00e0 des choix individuels. Cela n&#8217;est pas d\u00fb au fait d&#8217;acheter le mauvais produit au supermarch\u00e9 mais \u00e0 l&#8217;exploitation syst\u00e9matique de la nature et des \u00eatres humains. Les gouvernements et les grandes entreprises sont ceux qui nous m\u00e8nent \u00e0 la catastrophe climatique qui semble d\u00e9sormais inarretable.\u00a0<\/p>\n\n\n\n<p>Gouvernements et grandes entreprises cr\u00e9ent un monde o\u00f9 les riches valent plus que les autres. Ceci fut particuli\u00e8rement flagrant lorsque, cinq jours durant, partout dans le monde, les m\u00e9dias couvrirent la disparition d&#8217;un sous-marin et des cinq passagers ultra riches pendant qu&#8217;une autre centaine de personnes trouvaient la mort en M\u00e9diterran\u00e9e alors qu&#8217;elles tentaient leur chance pour trouver une vie meilleure.&nbsp;<\/p>\n\n\n\n<p>L&#8217;extr\u00eame droite, les politiques conservatrices et autoritaires se d\u00e9ploient partout dans le monde. Certain.es en usent pour d\u00e9clencher des guerres et tuer des milliers de personnes, d&#8217;autres pour construire des grilles et garder ce qu&#8217;iels pensent \u00eatre leur propri\u00e9t\u00e9s quand d&#8217;autres s&#8217;en servent pour s&#8217;armer dans le monde digital. La surveillance s&#8217;\u00e9tend, les Etats s&#8217;immiscent toujours plus dans nos espaces priv\u00e9s, analysant nos conversations intimes et recueillant des donn\u00e9es nous concernant<strong>, d&#8217;une pr\u00e9cision que nous n&#8217;aurions jamais imagin\u00e9.<\/strong> Les outils utlis\u00e9s par les Etats pour d\u00e9truire la r\u00e9sistance, m\u00eame dans son id\u00e9e propre, s&#8217;aiguisent chaque jour. Nombre d&#8217;anarchistes, de militant.es anti-autoritaire, environementaux ou anti-fascistes subissent la r\u00e9pression partout dans le monde car il est plus dur que jamais d&#8217;agir anonymement dans un monde num\u00e9ris\u00e9.&nbsp;<\/p>\n\n\n\n<p>Malgr\u00e9 tous les obstacles qui nous sont impos\u00e9s dans notre lutte pour un monde meilleur, les id\u00e9es et les valeurs anarchistes demeurent importantes. En temps de crise, les m\u00e9thodes d&#8217;organisations collectives, l&#8217;aide mutuelle et le principe de solidarit\u00e9 sont primordiales.&nbsp;<\/p>\n\n\n\n<p>Le syst\u00e8me va s&#8217;effondrer et nous devrions nous pr\u00e9parer \u00e0 retrouverun monde vol\u00e9 par les entreprises, les propri\u00e9taires de yacht et l&#8217;industrie d&#8217;armement. Un monde con\u00e7u pour chacun.e. Nos ami.es sont mis.es derri\u00e8re les barreaux, l&#8217;Etat tente de les cacher dans les recoins les plus sombres de leurs prisons mais nous ne nous taierons pas et lutterons jusqu&#8217;\u00e0 leur lib\u00e9ration.&nbsp;<\/p>\n\n\n\n<p>Echappons-nous ensemble ! C&#8217;est pourquoi nous appelons une nouvelle fois \u00e0 une semaine de solidarit\u00e9 internationale avec les prisonnier.es anarchistes. Faites des actions de solidarit\u00e9 ! Ecrivez des lettres, organisez des rencontres ou des projections, visibilisez nos camarades dans les rues par une banderoles ou un tag et montrez leur qu&#8217;iels sont dans nos coeurs et que nous luttons ensemble.&nbsp;<\/p>\n\n\n\n<p><strong>Rappelons nous celleux qui ont lutt\u00e9 contre l&#8217;injustice et qui ont pay\u00e9 de leur vie.<br>Personne n&#8217;est libre tant que tout le monde n&#8217;est pas libre!<\/strong>\u00a0<\/p>\n","protected":false},"excerpt":{"rendered":"<p>Le monde est en flammes. La crise climatique ne fait qu&#8217;empirer. A la place des masques contre le Covid-19, les gens doivent d\u00e9sormais porter des masques contre les feux de for\u00eats. Au m\u00eame moment, des territoires entiers sont inond\u00e9s par des pluies torrentielles caus\u00e9es par la pollution environmentale constante. Rien de tout cela n&#8217;est d\u00fb [&hellip;]<\/p>\n","protected":false},"author":2,"featured_media":0,"parent":0,"menu_order":0,"comment_status":"closed","ping_status":"closed","template":"","meta":{"footnotes":""},"class_list":["post-2179","page","type-page","status-publish","hentry"],"_links":{"self":[{"href":"https:\/\/solidarity.international\/index.php\/wp-json\/wp\/v2\/pages\/2179","targetHints":{"allow":["GET"]}}],"collection":[{"href":"https:\/\/solidarity.international\/index.php\/wp-json\/wp\/v2\/pages"}],"about":[{"href":"https:\/\/solidarity.international\/index.php\/wp-json\/wp\/v2\/types\/page"}],"author":[{"embeddable":true,"href":"https:\/\/solidarity.international\/index.php\/wp-json\/wp\/v2\/users\/2"}],"replies":[{"embeddable":true,"href":"https:\/\/solidarity.international\/index.php\/wp-json\/wp\/v2\/comments?post=2179"}],"version-history":[{"count":1,"href":"https:\/\/solidarity.international\/index.php\/wp-json\/wp\/v2\/pages\/2179\/revisions"}],"predecessor-version":[{"id":2181,"href":"https:\/\/solidarity.international\/index.php\/wp-json\/wp\/v2\/pages\/2179\/revisions\/2181"}],"wp:attachment":[{"href":"https:\/\/solidarity.international\/index.php\/wp-json\/wp\/v2\/media?parent=2179"}],"curies":[{"name":"wp","href":"https:\/\/api.w.org\/{rel}","templated":true}]}}