{"id":1797,"date":"2022-08-01T20:00:31","date_gmt":"2022-08-01T18:00:31","guid":{"rendered":"https:\/\/solidarity.international\/?page_id=1797"},"modified":"2022-08-08T13:12:37","modified_gmt":"2022-08-08T11:12:37","slug":"semaine-internationale-de-solidarite-avec-les-prisonnier-e-s-anarchistes-2022-23-30-aout","status":"publish","type":"page","link":"https:\/\/solidarity.international\/index.php\/semaine-internationale-de-solidarite-avec-les-prisonnier-e-s-anarchistes-2022-23-30-aout\/","title":{"rendered":"Semaine Internationale de Solidarit\u00e9 avec les Prisonni\u00e8r\u00b7e\u00b7s Anarchistes\u00a02022 \/\/ 23 \u2013 30\u00a0ao\u00fbt"},"content":{"rendered":"\n<p>Le fait que le capitalisme ne se concentre pas sur nos besoins mais sur le profit est d\u00e9montr\u00e9&nbsp;de mani\u00e8re brutale&nbsp;en p\u00e9riode de crise climatique, de pand\u00e9mie de Covid-19 et d&#8217;effondrement des syst\u00e8mes socio-\u00e9conomiques dans le monde entier. Ceux qui profitent du capitalisme s&#8217;enrichissent en p\u00e9riode de d\u00e9sastre. Mais avec les crises en cours, nous vivons \u00e9galement une nouvelle \u00e8re de soul\u00e8vements par la base.<\/p>\n\n\n\n<p>La r\u00e9sistance \u00e0 la guerre en Ukraine, les protestations soudanaises contre le r\u00e9gime militaire ou la r\u00e9volte sociale au Chili sont quelques exemples qui non seulement nous montrent les possibilit\u00e9s d&#8217;organisation et de lutte collective, mais&nbsp;soulignent \u00e9galement combien il est important pour les mouvements sociaux d&#8217;apprendre les uns des autres et de se soutenir mutuellement&nbsp;dans ces moments. Non seulement hors des murs, mais aussi derri\u00e8re.<\/p>\n\n\n\n<p>Depuis l&#8217;apparition de la pand\u00e9mie de Covid-19, nous avons assist\u00e9 \u00e0 des luttes intensives contre l&#8217;emprisonnement, nous rappelant que les personnes incarc\u00e9r\u00e9es sont les plus touch\u00e9es lorsque tout s&#8217;\u00e9croule. Les&nbsp;\u00e9vasions de masse&nbsp;des prisons br\u00e9siliennes et italiennes, l&#8217;incendie d&#8217;une prison en Tha\u00eflande par des d\u00e9tenus et les gr\u00e8ves de la faim en cours, comme celles que nous observons en Gr\u00e8ce ou dans les centres de r\u00e9tention administrative&nbsp;polonais, sont autant d&#8217;exemples du courage dont font preuve les d\u00e9tenus pour faire tomber les murs.<\/p>\n\n\n\n<p>Dans toutes ces luttes, les id\u00e9es et valeurs anarchistes sont le carburant de la r\u00e9sistance collective. Sans surprise, la r\u00e9pression contre les anarchistes augmente et la solidarit\u00e9 est plus que jamais n\u00e9cessaire. Le syst\u00e8me de domination capitaliste&nbsp;fonctionne&nbsp;gr\u00e2ce \u00e0 l&#8217;isolement continu entre les gens, \u00e0 la comp\u00e9tition sans fin et \u00e0 l&#8217;ignorance de nos besoins et d\u00e9sirs r\u00e9els. Nous avons besoin de solidarit\u00e9 dans nos amiti\u00e9s, au travail, dans le voisinage, dans nos communaut\u00e9s.&nbsp;Entre&nbsp;l&#8217;ext\u00e9rieur et&nbsp;l&#8217;int\u00e9rieur de leurs murs.<\/p>\n\n\n\n<p>Lib\u00e9rons-nous ensemble ! C&#8217;est la raison pour laquelle nous lan\u00e7ons un nouvel appel pour la Semaine Internationale de Solidarit\u00e9 avec les Prisonni\u00e8r\u00b7e\u00b7s Anarchistes. Faites une action de solidarit\u00e9 !&nbsp;\u00c9crivez des lettres, organisez des discours ou des projections de films, rendez nos camarades visibles dans les rues avec une pose de banderole&nbsp;ou un graffiti et laissez-les montrer qu&#8217;iels&nbsp;sont dans nos c\u0153urs et que nous luttons ensemble.<\/p>\n\n\n\n<p><strong>Souvenons-nous de c<\/strong><strong>elleux<\/strong><strong>&nbsp;qui ont lutt\u00e9 contre&nbsp;<\/strong><strong>cette&nbsp;<\/strong><strong>injustice et qui l&#8217;ont pay\u00e9 de leur vie.<\/strong><\/p>\n\n\n\n<p><strong>Personne n&#8217;est libre, tant que tou<\/strong><strong>tes<\/strong><strong>&nbsp;ne le sont pas !<\/strong><\/p>\n\n\n\n<p>Si vous avez des questions ou des commentaires, si vous souhaitez nous envoyer une photo, un court texte, un enregistrement de votre \u00e9v\u00e9nement ou action,<a href=\"https:\/\/solidarity.international\/index.php\/contact\/\"> \u00e9crivez-nous<\/a>.<\/p>\n\n\n\n<div style=\"height:23px\" aria-hidden=\"true\" class=\"wp-block-spacer\"><\/div>\n\n\n\n<div class=\"wp-block-file\"><a id=\"wp-block-file--media-0831ae89-4906-4eff-afdd-c6075d4135f8\" href=\"https:\/\/solidarity.international\/wp-content\/uploads\/2022\/08\/Poster2022_fr.png\" target=\"_blank\" rel=\"noreferrer noopener\">Poster2022_fr<\/a><a href=\"https:\/\/solidarity.international\/wp-content\/uploads\/2022\/08\/Poster2022_fr.png\" class=\"wp-block-file__button\" download aria-describedby=\"wp-block-file--media-0831ae89-4906-4eff-afdd-c6075d4135f8\">Download<\/a><\/div>\n","protected":false},"excerpt":{"rendered":"<p>Le fait que le capitalisme ne se concentre pas sur nos besoins mais sur le profit est d\u00e9montr\u00e9&nbsp;de mani\u00e8re brutale&nbsp;en p\u00e9riode de crise climatique, de pand\u00e9mie de Covid-19 et d&#8217;effondrement des syst\u00e8mes socio-\u00e9conomiques dans le monde entier. Ceux qui profitent du capitalisme s&#8217;enrichissent en p\u00e9riode de d\u00e9sastre. Mais avec les crises en cours, nous vivons [&hellip;]<\/p>\n","protected":false},"author":2,"featured_media":1851,"parent":0,"menu_order":0,"comment_status":"closed","ping_status":"closed","template":"","meta":{"footnotes":""},"class_list":["post-1797","page","type-page","status-publish","has-post-thumbnail","hentry"],"_links":{"self":[{"href":"https:\/\/solidarity.international\/index.php\/wp-json\/wp\/v2\/pages\/1797","targetHints":{"allow":["GET"]}}],"collection":[{"href":"https:\/\/solidarity.international\/index.php\/wp-json\/wp\/v2\/pages"}],"about":[{"href":"https:\/\/solidarity.international\/index.php\/wp-json\/wp\/v2\/types\/page"}],"author":[{"embeddable":true,"href":"https:\/\/solidarity.international\/index.php\/wp-json\/wp\/v2\/users\/2"}],"replies":[{"embeddable":true,"href":"https:\/\/solidarity.international\/index.php\/wp-json\/wp\/v2\/comments?post=1797"}],"version-history":[{"count":4,"href":"https:\/\/solidarity.international\/index.php\/wp-json\/wp\/v2\/pages\/1797\/revisions"}],"predecessor-version":[{"id":1853,"href":"https:\/\/solidarity.international\/index.php\/wp-json\/wp\/v2\/pages\/1797\/revisions\/1853"}],"wp:featuredmedia":[{"embeddable":true,"href":"https:\/\/solidarity.international\/index.php\/wp-json\/wp\/v2\/media\/1851"}],"wp:attachment":[{"href":"https:\/\/solidarity.international\/index.php\/wp-json\/wp\/v2\/media?parent=1797"}],"curies":[{"name":"wp","href":"https:\/\/api.w.org\/{rel}","templated":true}]}}