{"id":1766,"date":"2022-07-30T23:08:26","date_gmt":"2022-07-30T21:08:26","guid":{"rendered":"https:\/\/solidarity.international\/?page_id=1766"},"modified":"2022-08-08T13:11:07","modified_gmt":"2022-08-08T11:11:07","slug":"internationale-woche-der-solidaritat-mit-anarchistischen-gefangenen-2022-23-30-august","status":"publish","type":"page","link":"https:\/\/solidarity.international\/index.php\/internationale-woche-der-solidaritat-mit-anarchistischen-gefangenen-2022-23-30-august\/","title":{"rendered":"Internationale Woche der Solidarit\u00e4t mit Anarchistischen Gefangenen 2022 \/\/ 23.-30. August"},"content":{"rendered":"\n<p>Die Tatsache, dass Kapitalismus nicht auf unsere Bed\u00fcrfnisse, sondern auf Profit ausgerichtet ist, zeigt sich in Zeiten der Klimakrise, der Covid-19-Pandemie und des Zusammenbruchs sozio\u00f6konomischer Systeme auf der ganzen Welt mit aller Brutalit\u00e4t. Diejenigen, die vom Kapitalismus profitieren, bereichern sich in Zeiten von Katastrophen. Doch mit den anhaltenden Krisen erleben wir auch eine neue \u00c4ra der Aufst\u00e4nde von unten.<\/p>\n\n\n\n<p>Der Widerstand gegen den Krieg in der Ukraine, die sudanesischen Proteste gegen die Milit\u00e4rjunta oder die soziale Revolte in Chile sind einige Beispiele, die uns nicht nur die M\u00f6glichkeiten der Organisierung und des kollektiven Kampfes zeigen. Sie machen auch deutlich, wie wichtig es f\u00fcr soziale Bewegungen ist, in diesen Zeiten voneinander zu lernen und sich gegenseitig zu unterst\u00fctzen. Nicht nur au\u00dferhalb der Mauern, sondern auch hinter den Mauern.<\/p>\n\n\n\n<p>Seit dem Ausbruch der Covid-19-Pandemie haben wir heftige K\u00e4mpfe gegen das Eingesperrt sein erlebt. Diese erinnern uns daran, dass inhaftierten Menschen am meisten betroffen sind, wenn alles zusammenbricht. Ausbr\u00fcche aus brasilianischen und italienischen Gef\u00e4ngnissen, Inhaftierte, die ein Gef\u00e4ngnis in Thailand in Brand setzten, und anhaltende Hungerstreiks wie in Griechenland oder in polnischen Gefl\u00fcchtetenlagern sind Beispiele f\u00fcr den Mut, den die Menschen in den Gef\u00e4ngnissen zeigen, um die Mauern zu durchbrechen.<\/p>\n\n\n\n<p>In all diesen K\u00e4mpfen sind anarchistische Ideen und Werte der Treibstoff f\u00fcr den kollektiven Widerstand. Ohne Zweifel nimmt die Repression gegen Anarchist*innen zu und Solidarit\u00e4t ist mehr denn je gefragt. Das kapitalistische Herrschaftssystem kann nur funktionieren, weil die Menschen weiterhin voneinander isoliert sind, endlos miteinander konkurrieren und wir unsere wahren Bed\u00fcrfnisse und W\u00fcnsche \u00fcbersehen. Wir brauchen Solidarit\u00e4t in unseren Freundschaften, bei der Arbeit, in der Nachbarschaft, in unseren Gemeinschaften. Die au\u00dferhalb und die innerhalb ihrer Mauern.<\/p>\n\n\n\n<p>Lasst uns gemeinsam ausbrechen! Deshalb rufen wir erneut zur Internationalen Woche der Solidarit\u00e4t mit anarchistischen Gefangenen auf. Macht Solidarit\u00e4tsaktionen! Schreibt Briefe, organisiert Diskussionen oder Filmvorf\u00fchrungen, macht unsere Gef\u00e4hrt*innen auf der Stra\u00dfe mit einem Transparent oder einem Graffiti sichtbar und lasst ihnen zeigen, dass sie in unseren Herzen sind und dass wir gemeinsam k\u00e4mpfen.<\/p>\n\n\n\n<p><strong>Erinnern wir uns an diejenigen, die gegen diese Ungerechtigkeit gek\u00e4mpft und mit ihrem Leben bezahlt haben.<br>Keine*r ist frei, bis alle frei sind!<\/strong><br><br>Wenn ihr Fragen oder Kommentare habt, wenn ihr uns ein Bild, einen kurzen Text, eine Aufnahme eurer Veranstaltung oder Aktion schicken m\u00f6chtet, <a href=\"https:\/\/solidarity.international\/index.php\/contact\/\" target=\"_blank\" rel=\"noreferrer noopener\">schreibt uns bitte<\/a>.<\/p>\n\n\n\n<div style=\"height:23px\" aria-hidden=\"true\" class=\"wp-block-spacer\"><\/div>\n\n\n\n<div class=\"wp-block-file\"><a id=\"wp-block-file--media-0831ae89-4906-4eff-afdd-c6075d4135f8\" href=\"https:\/\/solidarity.international\/wp-content\/uploads\/2022\/07\/Poster2022_de.png\" target=\"_blank\" rel=\"noreferrer noopener\">Poster2022_de<\/a><a href=\"https:\/\/solidarity.international\/wp-content\/uploads\/2022\/07\/Poster2022_de.png\" class=\"wp-block-file__button\" download aria-describedby=\"wp-block-file--media-0831ae89-4906-4eff-afdd-c6075d4135f8\">Download<\/a><\/div>\n","protected":false},"excerpt":{"rendered":"<p>Die Tatsache, dass Kapitalismus nicht auf unsere Bed\u00fcrfnisse, sondern auf Profit ausgerichtet ist, zeigt sich in Zeiten der Klimakrise, der Covid-19-Pandemie und des Zusammenbruchs sozio\u00f6konomischer Systeme auf der ganzen Welt mit aller Brutalit\u00e4t. Diejenigen, die vom Kapitalismus profitieren, bereichern sich in Zeiten von Katastrophen. Doch mit den anhaltenden Krisen erleben wir auch eine neue \u00c4ra [&hellip;]<\/p>\n","protected":false},"author":2,"featured_media":1848,"parent":0,"menu_order":0,"comment_status":"closed","ping_status":"closed","template":"","meta":{"footnotes":""},"class_list":["post-1766","page","type-page","status-publish","has-post-thumbnail","hentry"],"_links":{"self":[{"href":"https:\/\/solidarity.international\/index.php\/wp-json\/wp\/v2\/pages\/1766","targetHints":{"allow":["GET"]}}],"collection":[{"href":"https:\/\/solidarity.international\/index.php\/wp-json\/wp\/v2\/pages"}],"about":[{"href":"https:\/\/solidarity.international\/index.php\/wp-json\/wp\/v2\/types\/page"}],"author":[{"embeddable":true,"href":"https:\/\/solidarity.international\/index.php\/wp-json\/wp\/v2\/users\/2"}],"replies":[{"embeddable":true,"href":"https:\/\/solidarity.international\/index.php\/wp-json\/wp\/v2\/comments?post=1766"}],"version-history":[{"count":6,"href":"https:\/\/solidarity.international\/index.php\/wp-json\/wp\/v2\/pages\/1766\/revisions"}],"predecessor-version":[{"id":1850,"href":"https:\/\/solidarity.international\/index.php\/wp-json\/wp\/v2\/pages\/1766\/revisions\/1850"}],"wp:featuredmedia":[{"embeddable":true,"href":"https:\/\/solidarity.international\/index.php\/wp-json\/wp\/v2\/media\/1848"}],"wp:attachment":[{"href":"https:\/\/solidarity.international\/index.php\/wp-json\/wp\/v2\/media?parent=1766"}],"curies":[{"name":"wp","href":"https:\/\/api.w.org\/{rel}","templated":true}]}}