{"id":1752,"date":"2022-07-30T19:59:08","date_gmt":"2022-07-30T17:59:08","guid":{"rendered":"https:\/\/solidarity.international\/?page_id=1752"},"modified":"2022-08-08T13:09:37","modified_gmt":"2022-08-08T11:09:37","slug":"polish","status":"publish","type":"page","link":"https:\/\/solidarity.international\/index.php\/polish\/","title":{"rendered":"Mi\u0119dzynarodowy Tydzie\u0144 Solidarno\u015bci z Uwi\u0119zionymi Anarchist.k.ami 2022 \/\/ 23 &#8211; 30 sierpnia"},"content":{"rendered":"\n<p><br><br><\/p>\n\n\n\n<p>Kapitalizm nie skupia si\u0119 na naszych potrzebach, ale na zysku, co demonstruje z pe\u0142n\u0105 brutalno\u015bci\u0105 w czasach kryzysu klimatycznego, pandemii Covid-19 i upadku system\u00f3w spo\u0142eczno-gospodarczych na ca\u0142ym \u015bwiecie. Ci, kt\u00f3rzy czerpi\u0105 zyski z kapitalizmu, wzbogacaj\u0105 si\u0119 w czasach katastrofy. Jednak razem z trwaj\u0105cymi kryzysami, do\u015bwiadczamy tak\u017ce nowej ery oddolnych zryw\u00f3w.<\/p>\n\n\n\n<p>Op\u00f3r wobec wojny w Ukrainie, protesty przeciwko rz\u0105dom wojskowym w Sudanie czy rewolta spo\u0142eczna w Chile to przyk\u0142ady, kt\u00f3re nie tylko pokazuj\u0105 nam mo\u017cliwo\u015bci organizowania si\u0119 i zbiorowej walki. Podkre\u015blaj\u0105 r\u00f3wnie\u017c, jak wa\u017cne jest, aby ruchy spo\u0142eczne uczy\u0142y si\u0119 od siebie nawzajem i wspiera\u0142y si\u0119 w tych czasach. Nie tylko poza murami, ale tak\u017ce wewn\u0105trz.<\/p>\n\n\n\n<p>Od czasu wybuchu pandemii Covid-19 obserwujemy zaciek\u0142\u0105 walk\u0119 przeciwko systemowi wi\u0119ziennictwa. To przypomina nam, \u017ce kiedy wszystko si\u0119 wali, osoby uwi\u0119zione s\u0105 jedn\u0105 z najbardziej dotkni\u0119tych grup. Ucieczki z brazylijskich i w\u0142oskich wi\u0119zie\u0144, podpalenia zak\u0142ad\u00f3w w Tajlandii i trwaj\u0105ce strajki g\u0142odowe, takie jak te, kt\u00f3re widzimy w Grecji lub w polskich o\u015brodkach dla uchod\u017ac\u00f3w, to przyk\u0142ady odwagi jak\u0105 wykazuj\u0105 si\u0119 osoby uwi\u0119zione. Odwagi w pr\u00f3bach rozbijania mur\u00f3w.<\/p>\n\n\n\n<p>Anarchistyczne idee i warto\u015bci s\u0105 paliwem dla zbiorowego oporu w ka\u017cdej takiej walce. Nic wi\u0119c dziwnego, \u017ce represje wobec anarchist\u00f3w i anarchistek rosn\u0105, a solidarno\u015b\u0107 jest potrzebna bardziej ni\u017c kiedykolwiek. Kapitalistyczny system dominacji mo\u017ce funkcjonowa\u0107 dzi\u0119ki utrzymywaniu izolacji mi\u0119dzy lud\u017ami, nieko\u0144cz\u0105cej si\u0119 konkurencji i pomijaniu naszych prawdziwych potrzeb i pragnie\u0144. Potrzebujemy solidarno\u015bci w naszych przyja\u017aniach, w pracy, w s\u0105siedztwie, w naszych wsp\u00f3lnotach. Tych na zewn\u0105trz i tych zamkni\u0119tych za murami.<\/p>\n\n\n\n<p>Prze\u0142ammy to razem! Po raz kolejny zapraszamy do udzia\u0142u w Mi\u0119dzynarodowym Tygodniu Solidarno\u015bci z Uwi\u0119zionymi Anarchist.k.ami. Zorganizujcie akcj\u0119 solidarno\u015bciow\u0105! Piszcie listy, przygotujcie spotkania, prezentacje lub projekcje film\u00f3w. Sprawcie, by uwi\u0119zieni anarchi\u015bci i uwi\u0119zione anarchistki by\u0142y widoczne na ulicach, na przyk\u0142ad poprzez zrzucenie baneru lub graffiti. Poka\u017cmy, \u017ce s\u0105 w naszych sercach, i \u017ce to nasza wsp\u00f3lna sprawa.<\/p>\n\n\n\n<p>Pami\u0119tajmy te\u017c o osobach, kt\u00f3re walczy\u0142y przeciwko niesprawiedliwo\u015bci i zap\u0142aci\u0142y za to \u017cyciem.<\/p>\n\n\n\n<p>Dop\u00f3ki oni\/e nie s\u0105 wolni\/e, \u017cadne z nas nie jest wolne!<\/p>\n\n\n\n<p>Je\u015bli macie jakie\u015b pytania lub uwagi, je\u015bli chcecie wys\u0142a\u0107 nam zdj\u0119cie, kr\u00f3tki tekst, nagranie ze swojego wydarzenia lub akcji, <a href=\"https:\/\/solidarity.international\/index.php\/contact\/\" data-type=\"URL\" data-id=\"https:\/\/solidarity.international\/index.php\/contact\/\">napiszcie do nas<\/a>.<\/p>\n\n\n\n<div style=\"height:23px\" aria-hidden=\"true\" class=\"wp-block-spacer\"><\/div>\n\n\n\n<div class=\"wp-block-file\"><a id=\"wp-block-file--media-0831ae89-4906-4eff-afdd-c6075d4135f8\" href=\"https:\/\/solidarity.international\/wp-content\/uploads\/2022\/07\/Poster2022_pl.png\" target=\"_blank\" rel=\"noreferrer noopener\">Poster2022_pl<\/a><a href=\"https:\/\/solidarity.international\/wp-content\/uploads\/2022\/07\/Poster2022_pl.png\" class=\"wp-block-file__button\" download aria-describedby=\"wp-block-file--media-0831ae89-4906-4eff-afdd-c6075d4135f8\">Download<\/a><\/div>\n","protected":false},"excerpt":{"rendered":"<p>Kapitalizm nie skupia si\u0119 na naszych potrzebach, ale na zysku, co demonstruje z pe\u0142n\u0105 brutalno\u015bci\u0105 w czasach kryzysu klimatycznego, pandemii Covid-19 i upadku system\u00f3w spo\u0142eczno-gospodarczych na ca\u0142ym \u015bwiecie. Ci, kt\u00f3rzy czerpi\u0105 zyski z kapitalizmu, wzbogacaj\u0105 si\u0119 w czasach katastrofy. Jednak razem z trwaj\u0105cymi kryzysami, do\u015bwiadczamy tak\u017ce nowej ery oddolnych zryw\u00f3w. Op\u00f3r wobec wojny w Ukrainie, [&hellip;]<\/p>\n","protected":false},"author":2,"featured_media":1845,"parent":0,"menu_order":0,"comment_status":"closed","ping_status":"closed","template":"","meta":{"footnotes":""},"class_list":["post-1752","page","type-page","status-publish","has-post-thumbnail","hentry"],"_links":{"self":[{"href":"https:\/\/solidarity.international\/index.php\/wp-json\/wp\/v2\/pages\/1752","targetHints":{"allow":["GET"]}}],"collection":[{"href":"https:\/\/solidarity.international\/index.php\/wp-json\/wp\/v2\/pages"}],"about":[{"href":"https:\/\/solidarity.international\/index.php\/wp-json\/wp\/v2\/types\/page"}],"author":[{"embeddable":true,"href":"https:\/\/solidarity.international\/index.php\/wp-json\/wp\/v2\/users\/2"}],"replies":[{"embeddable":true,"href":"https:\/\/solidarity.international\/index.php\/wp-json\/wp\/v2\/comments?post=1752"}],"version-history":[{"count":10,"href":"https:\/\/solidarity.international\/index.php\/wp-json\/wp\/v2\/pages\/1752\/revisions"}],"predecessor-version":[{"id":1847,"href":"https:\/\/solidarity.international\/index.php\/wp-json\/wp\/v2\/pages\/1752\/revisions\/1847"}],"wp:featuredmedia":[{"embeddable":true,"href":"https:\/\/solidarity.international\/index.php\/wp-json\/wp\/v2\/media\/1845"}],"wp:attachment":[{"href":"https:\/\/solidarity.international\/index.php\/wp-json\/wp\/v2\/media?parent=1752"}],"curies":[{"name":"wp","href":"https:\/\/api.w.org\/{rel}","templated":true}]}}