{"id":1515,"date":"2021-07-18T11:37:28","date_gmt":"2021-07-18T09:37:28","guid":{"rendered":"https:\/\/solidarity.international\/?page_id=1515"},"modified":"2021-07-18T11:37:28","modified_gmt":"2021-07-18T09:37:28","slug":"convocatoria-a-la-semana-internacional-de-solidaridad-con-lxs-presxs-anarquistas-23-30-de-agosto-de-2021","status":"publish","type":"page","link":"https:\/\/solidarity.international\/index.php\/convocatoria-a-la-semana-internacional-de-solidaridad-con-lxs-presxs-anarquistas-23-30-de-agosto-de-2021\/","title":{"rendered":"Convocatoria a la Semana Internacional de Solidaridad con lxs Presxs Anarquistas \/\/ 23 &#8211; 30 de agosto de 2021"},"content":{"rendered":"\n<figure class=\"wp-block-image size-large\"><img loading=\"lazy\" decoding=\"async\" width=\"1024\" height=\"733\" src=\"https:\/\/solidarity.international\/wp-content\/uploads\/2021\/07\/kranich_esp2021-1-1024x733.png\" alt=\"\" class=\"wp-image-1516\" srcset=\"https:\/\/solidarity.international\/wp-content\/uploads\/2021\/07\/kranich_esp2021-1-1024x733.png 1024w, https:\/\/solidarity.international\/wp-content\/uploads\/2021\/07\/kranich_esp2021-1-300x215.png 300w, https:\/\/solidarity.international\/wp-content\/uploads\/2021\/07\/kranich_esp2021-1-768x550.png 768w, https:\/\/solidarity.international\/wp-content\/uploads\/2021\/07\/kranich_esp2021-1-1536x1100.png 1536w, https:\/\/solidarity.international\/wp-content\/uploads\/2021\/07\/kranich_esp2021-1-2048x1466.png 2048w, https:\/\/solidarity.international\/wp-content\/uploads\/2021\/07\/kranich_esp2021-1-1200x859.png 1200w, https:\/\/solidarity.international\/wp-content\/uploads\/2021\/07\/kranich_esp2021-1-1980x1418.png 1980w\" sizes=\"auto, (max-width: 1024px) 100vw, 1024px\" \/><\/figure>\n\n\n\n<p>Hay una mentira fundamental en la sociedad capitalista, una promesa que nunca se hace realidad; la promesa de la libertad: s\u00f3lo debes trabajar duro. Y cada vez que tropezamos con una nueva crisis del capitalismo, \u00e9sta se hace visible.\u00a0<\/p>\n\n\n\n<p>Algunos dicen que el Covid-19 es una crisis sanitaria. \u00a1Pero no lo es! El Covid-19 es otra crisis causada por el capitalismo y su af\u00e1n de m\u00e1s riqueza y crecimiento. La contaminaci\u00f3n de la tierra f\u00e9rtil a trav\u00e9s de la agricultura industrial, el robo del h\u00e1bitat para los seres humanos y los animales salvajes mediante pol\u00edticas de extracci\u00f3n que convierten los bosques pr\u00f3speros en desiertos; es la locura del capitalismo la que empuja a la humanidad hacia nuevas fronteras donde nos esperan m\u00e1s virus.\u00a0<\/p>\n\n\n\n<p>Este a\u00f1o trajo m\u00e1s injusticia social y econ\u00f3mica, m\u00e1s sufrimiento, pero tambi\u00e9n m\u00e1s lucha. La gente se rebel\u00f3 contra el sistema capitalista y los reg\u00edmenes autoritarios. La gente luch\u00f3 por su libertad y contra la explotaci\u00f3n. La gente hizo huelgas en las f\u00e1bricas y se levant\u00f3 en las c\u00e1rceles contra la pol\u00edtica autoritaria y orientada al beneficio.<br>Fue un a\u00f1o duro y a\u00fan queda m\u00e1s por venir. En estos tiempos necesitamos m\u00e1s que nunca de solidaridad, tanto en la vida cotidiana como en nuestros barrios y comunidades. Tampoco debemos olvidar a nuestrxs compa\u00f1erxs en prisi\u00f3n, que luchan por la libertad y la igualdad. Ellxs viven momentos dif\u00edciles en este momento, pues la pandemia a\u00edsla a\u00fan m\u00e1s a las personas en prisi\u00f3n.<\/p>\n\n\n\n<p>Por eso, este a\u00f1o, volvemos a convocar la Semana Internacional de Solidaridad con los Presxs Anarquistas.<\/p>\n\n\n\n<p>Realiza alguna acci\u00f3n de solidaridad,\u00a0 cuelga una pancarta, organiza un acto de escritura de cartas a les presxs o proyecta una pel\u00edcula, informa sobre lxs que est\u00e1n en las c\u00e1rceles y hazles saber que no est\u00e1n solxs y olvidadxs.Env\u00edanos una foto, un texto breve, y\/o un v\u00eddeo de tu acto o acci\u00f3n, un programa de radio: tu creatividad no tiene l\u00edmites.<\/p>\n\n\n\n<p><strong>Recordemos a lxs que lucharon contra esta injusticia y pagaron con sus vidas.\u00a0<\/strong><\/p>\n\n\n\n<p><strong>No olvidemos a lxs que est\u00e1n en la c\u00e1rcel y contin\u00faan su lucha.<\/strong><\/p>\n\n\n\n<p><strong>\u00a1Seguid luchando!<br>\u00a1Que los ricos paguen por Covid!<\/strong><\/p>\n","protected":false},"excerpt":{"rendered":"<p>Hay una mentira fundamental en la sociedad capitalista, una promesa que nunca se hace realidad; la promesa de la libertad: s\u00f3lo debes trabajar duro. Y cada vez que tropezamos con una nueva crisis del capitalismo, \u00e9sta se hace visible.\u00a0 Algunos dicen que el Covid-19 es una crisis sanitaria. \u00a1Pero no lo es! El Covid-19 es [&hellip;]<\/p>\n","protected":false},"author":2,"featured_media":1468,"parent":0,"menu_order":0,"comment_status":"closed","ping_status":"closed","template":"","meta":{"footnotes":""},"class_list":["post-1515","page","type-page","status-publish","has-post-thumbnail","hentry"],"_links":{"self":[{"href":"https:\/\/solidarity.international\/index.php\/wp-json\/wp\/v2\/pages\/1515","targetHints":{"allow":["GET"]}}],"collection":[{"href":"https:\/\/solidarity.international\/index.php\/wp-json\/wp\/v2\/pages"}],"about":[{"href":"https:\/\/solidarity.international\/index.php\/wp-json\/wp\/v2\/types\/page"}],"author":[{"embeddable":true,"href":"https:\/\/solidarity.international\/index.php\/wp-json\/wp\/v2\/users\/2"}],"replies":[{"embeddable":true,"href":"https:\/\/solidarity.international\/index.php\/wp-json\/wp\/v2\/comments?post=1515"}],"version-history":[{"count":1,"href":"https:\/\/solidarity.international\/index.php\/wp-json\/wp\/v2\/pages\/1515\/revisions"}],"predecessor-version":[{"id":1517,"href":"https:\/\/solidarity.international\/index.php\/wp-json\/wp\/v2\/pages\/1515\/revisions\/1517"}],"wp:featuredmedia":[{"embeddable":true,"href":"https:\/\/solidarity.international\/index.php\/wp-json\/wp\/v2\/media\/1468"}],"wp:attachment":[{"href":"https:\/\/solidarity.international\/index.php\/wp-json\/wp\/v2\/media?parent=1515"}],"curies":[{"name":"wp","href":"https:\/\/api.w.org\/{rel}","templated":true}]}}