{"id":1512,"date":"2021-07-18T11:31:25","date_gmt":"2021-07-18T09:31:25","guid":{"rendered":"https:\/\/solidarity.international\/?page_id=1512"},"modified":"2021-07-18T12:12:57","modified_gmt":"2021-07-18T10:12:57","slug":"zaproszenie-do-miedzynarodowego-tygodnia-solidarnosci-z-uwiezionymi-anarchist-k-ami-23-30-sierpnia-2021","status":"publish","type":"page","link":"https:\/\/solidarity.international\/index.php\/zaproszenie-do-miedzynarodowego-tygodnia-solidarnosci-z-uwiezionymi-anarchist-k-ami-23-30-sierpnia-2021\/","title":{"rendered":"Zaproszenie do Mi\u0119dzynarodowego Tygodnia Solidarno\u015bci z Uwi\u0119zionymi Anarchist.k.ami  \/\/ 23 \u2013 30 sierpnia 2021"},"content":{"rendered":"\n<p><img loading=\"lazy\" decoding=\"async\" width=\"700\" height=\"501\" class=\"wp-image-1513\" style=\"width: 700px;\" src=\"https:\/\/solidarity.international\/wp-content\/uploads\/2021\/07\/kranich_polish2021-1-scaled-1.jpg\" alt=\"\" srcset=\"https:\/\/solidarity.international\/wp-content\/uploads\/2021\/07\/kranich_polish2021-1-scaled-1.jpg 2560w, https:\/\/solidarity.international\/wp-content\/uploads\/2021\/07\/kranich_polish2021-1-scaled-1-300x215.jpg 300w, https:\/\/solidarity.international\/wp-content\/uploads\/2021\/07\/kranich_polish2021-1-scaled-1-1024x733.jpg 1024w, https:\/\/solidarity.international\/wp-content\/uploads\/2021\/07\/kranich_polish2021-1-scaled-1-768x550.jpg 768w, https:\/\/solidarity.international\/wp-content\/uploads\/2021\/07\/kranich_polish2021-1-scaled-1-1536x1100.jpg 1536w, https:\/\/solidarity.international\/wp-content\/uploads\/2021\/07\/kranich_polish2021-1-scaled-1-2048x1466.jpg 2048w, https:\/\/solidarity.international\/wp-content\/uploads\/2021\/07\/kranich_polish2021-1-scaled-1-1200x859.jpg 1200w, https:\/\/solidarity.international\/wp-content\/uploads\/2021\/07\/kranich_polish2021-1-scaled-1-1980x1418.jpg 1980w\" sizes=\"auto, (max-width: 700px) 100vw, 700px\" \/><br><\/p>\n\n\n\n<p>Kapitalistyczne spo\u0142ecze\u0144stwo opiera si\u0119 na k\u0142amstwie. Obietnicy, kt\u00f3ra nigdy nie zostanie spe\u0142niona. Obietnicy wolno\u015bci &#8211; wystarczy tylko ci\u0119\u017cko pracowa\u0107. Przypomina si\u0119 nam o tym za ka\u017cdym razem, kiedy kapitalizm prze\u017cywa kryzys. Za nami ponad rok pandemii Covid-19. Wed\u0142ug niekt\u00f3rych, Covid-19 to kryzys zdrowotny. To nieprawda! Covid-19 to kolejny kryzys spowodowany przez kapitalizm. Spowodowany \u017c\u0105dz\u0105 bogactwa i wzrostu. \u017b\u0105dz\u0105, kt\u00f3ra zanieczyszcza p\u0142odn\u0105 ziemi\u0119 poprzez rolnictwo przemys\u0142owe, kradnie siedliska ludzi i dzikich zwierz\u0105t przez polityk\u0119 ekstrakcyjn\u0105, kt\u00f3ra obr\u00f3ci\u0142a kwitn\u0105ce lasy w pustynie. To szale\u0144stwo kapitalizmu popycha&nbsp;ludzko\u015b\u0107 do coraz to nowych granic, gdzie czeka na nas wi\u0119cej wirus\u00f3w.<\/p>\n\n\n\n<p>Ten rok przyni\u00f3s\u0142 wi\u0119cej spo\u0142ecznych i ekonomicznych niesprawiedliwo\u015bci, wi\u0119cej cierpienia, ale te\u017c wi\u0119cej walki. Ludzie przeciwstawili si\u0119 systemowi kapitalistycznemu i autorytarnym re\u017cimom. Walczyli o swoj\u0105 wolno\u015b\u0107 i przeciwko wyzyskowi. Strajkowali w fabrykach i buntowali si\u0119 w wi\u0119zieniach przeciwko autorytarnej polityce sterowanej zyskami.<\/p>\n\n\n\n<p>By\u0142 to trudny rok, a to jeszcze nie koniec. W tych czasach bardziej ni\u017c kiedykolwiek potrzebujemy solidarno\u015bci &#8211; w codziennym \u017cyciu, w naszych s\u0105siedztwach, naszych spo\u0142eczno\u015bciach. Ale nie mo\u017cemy zapomnie\u0107 o naszych uwi\u0119zionych towarzysz.k.ach, kt\u00f3rzy\/e walcz\u0105 o wolno\u015b\u0107 i r\u00f3wno\u015b\u0107. Przechodz\u0105 teraz przez trudny czas, poniewa\u017c pandemia jeszcze bardziej izoluje osoby w wi\u0119zieniach.<\/p>\n\n\n\n<p>Dlatego w tym roku po raz kolejny zapraszamy do&nbsp;udzia\u0142u w&nbsp;Mi\u0119dzynarodowym&nbsp;Tygodniu&nbsp;Solidarno\u015bci z Uwi\u0119zionymi Anarchist.k.ami.<\/p>\n\n\n\n<p>Zr\u00f3bcie akcj\u0119 solidarno\u015bciow\u0105, zawie\u015bcie baner, zorganizujcie pisanie list\u00f3w albo pokaz filmu, informujcie o osobach uwi\u0119zionych i dajcie im zna\u0107, \u017ce nie s\u0105 ani same, ani zapomniane. Wy\u015blijcie nam zdj\u0119cie, kr\u00f3tki tekst, filmik z Waszego wydarzenia lub akcji, nagran\u0105 audycj\u0119 &#8211; Wasza kreatywno\u015b\u0107 nie zna granic.<\/p>\n\n\n\n<p><strong>Pami\u0119tajmy o osobach, kt\u00f3re walk\u0119 z nier\u00f3wno\u015bciami przyp\u0142aci\u0142y \u017cyciem.<\/strong><\/p>\n\n\n\n<p><strong>Nie zapominajmy o tych, kt\u00f3re s\u0105 w wi\u0119zieniu i kontynuuj\u0105 swoj\u0105 walk\u0119.<\/strong><\/p>\n\n\n\n<p><strong>Walka trwa!<\/strong><br><strong>Niech bogaci zap\u0142ac\u0105 za Covid!<\/strong><\/p>\n","protected":false},"excerpt":{"rendered":"<p>Kapitalistyczne spo\u0142ecze\u0144stwo opiera si\u0119 na k\u0142amstwie. Obietnicy, kt\u00f3ra nigdy nie zostanie spe\u0142niona. Obietnicy wolno\u015bci &#8211; wystarczy tylko ci\u0119\u017cko pracowa\u0107. Przypomina si\u0119 nam o tym za ka\u017cdym razem, kiedy kapitalizm prze\u017cywa kryzys. Za nami ponad rok pandemii Covid-19. Wed\u0142ug niekt\u00f3rych, Covid-19 to kryzys zdrowotny. To nieprawda! Covid-19 to kolejny kryzys spowodowany przez kapitalizm. Spowodowany \u017c\u0105dz\u0105 bogactwa [&hellip;]<\/p>\n","protected":false},"author":2,"featured_media":1468,"parent":0,"menu_order":0,"comment_status":"closed","ping_status":"closed","template":"","meta":{"footnotes":""},"class_list":["post-1512","page","type-page","status-publish","has-post-thumbnail","hentry"],"_links":{"self":[{"href":"https:\/\/solidarity.international\/index.php\/wp-json\/wp\/v2\/pages\/1512","targetHints":{"allow":["GET"]}}],"collection":[{"href":"https:\/\/solidarity.international\/index.php\/wp-json\/wp\/v2\/pages"}],"about":[{"href":"https:\/\/solidarity.international\/index.php\/wp-json\/wp\/v2\/types\/page"}],"author":[{"embeddable":true,"href":"https:\/\/solidarity.international\/index.php\/wp-json\/wp\/v2\/users\/2"}],"replies":[{"embeddable":true,"href":"https:\/\/solidarity.international\/index.php\/wp-json\/wp\/v2\/comments?post=1512"}],"version-history":[{"count":2,"href":"https:\/\/solidarity.international\/index.php\/wp-json\/wp\/v2\/pages\/1512\/revisions"}],"predecessor-version":[{"id":1518,"href":"https:\/\/solidarity.international\/index.php\/wp-json\/wp\/v2\/pages\/1512\/revisions\/1518"}],"wp:featuredmedia":[{"embeddable":true,"href":"https:\/\/solidarity.international\/index.php\/wp-json\/wp\/v2\/media\/1468"}],"wp:attachment":[{"href":"https:\/\/solidarity.international\/index.php\/wp-json\/wp\/v2\/media?parent=1512"}],"curies":[{"name":"wp","href":"https:\/\/api.w.org\/{rel}","templated":true}]}}