{"id":1455,"date":"2021-07-14T18:35:40","date_gmt":"2021-07-14T16:35:40","guid":{"rendered":"https:\/\/solidarity.international\/?page_id=1455"},"modified":"2021-07-14T18:51:23","modified_gmt":"2021-07-14T16:51:23","slug":"aufruf-zur-internationalen-woche-der-solidaritat-mit-anarchistischen-gefangenen-23-30-august-2021","status":"publish","type":"page","link":"https:\/\/solidarity.international\/index.php\/aufruf-zur-internationalen-woche-der-solidaritat-mit-anarchistischen-gefangenen-23-30-august-2021\/","title":{"rendered":"Aufruf zur Internationalen Woche der Solidarit\u00e4t mit Anarchistischen Gefangenen 23. \u2013 30. August 2021"},"content":{"rendered":"\n<p>Es existiert eine fundamentale L\u00fcge in der kapitalistischen Gesellschaft. Ein Versprechen, das niemals wahr wird. Das Versprechen der Freiheit &#8211; man muss nur hart genug arbeiten. Jedes Mal, wenn wir \u00fcber die Krise des Kapitalismus stolpern, werden wir daran erinnert. Mehr als ein Jahr&nbsp; mit Covid-19 liegt hinter uns. Manche sagen, dass Covid-19 eine Gesundheitskrise ist. Aber das ist es nicht! Covid-19 ist eine weitere Krise, verursacht durch den Kapitalismus. Ausgel\u00f6st durch das Verlangen nach mehr Reichtum und Wachstum. Welches fruchtbare B\u00f6den durch industrielle Landwirtschaft verseucht, Lebensraum der Menschen und Wildtiere durch die Politik der Gewinnung von Rohstoffen stiehlt, die bl\u00fchende W\u00e4lder in W\u00fcsten verwandelt. Es ist der Wahnsinn des Kapitalismus, der die Menschheit an den Rand immer neuer Grenzen treibt, wo weitere Viren auf uns warten.<\/p>\n\n\n\n<p>Dieses Jahr brachte mehr soziale und wirtschaftliche Ungerechtigkeit, mehr Leid, aber auch mehr Kampf. Menschen erhoben sich gegen das kapitalistische System und gegen autorit\u00e4re Regime. Die Menschen k\u00e4mpften f\u00fcr ihre Freiheit und gegen Ausbeutung. Menschen streikten in den Fabriken und erhoben sich in den Gef\u00e4ngnissen gegen die autorit\u00e4re und profitorientierte Politik.<\/p>\n\n\n\n<p>Es war ein hartes Jahr und es wird noch mehr kommen. In diesen Zeiten brauchen wir Solidarit\u00e4t mehr denn je &#8211; im t\u00e4glichen Leben, in unseren Nachbarschaften, in unseren Communities. Aber wir sollten unsere Gef\u00e4hrt:innen im Gef\u00e4ngnis nicht vergessen, die f\u00fcr Freiheit und Gleichheit k\u00e4mpfen. Sie erleben gerade jetzt harte Zeiten. Denn die Pandemie isoliert die Menschen im Gef\u00e4ngnis nur noch mehr.<br><br>Deshalb rufen wir auch in diesem Jahr wieder zur Internationalen Woche der Solidarit\u00e4t mit anarchistischen Gefangenen auf.<br><br>Macht eine Solidarit\u00e4tsaktion, einen Bannerdrop, organisiert eine Briefe-Schreib-Ecke oder eine Filmvorf\u00fchrung, macht auf die Menschen in den Gef\u00e4ngnissen aufmerksam und lasst sie wissen, dass sie nicht allein und nicht vergessen sind.<br><br>Schickt uns ein Bild, einen kurzen Text, ein Video von Eurer Veranstaltung oder Aktion, einen Radiobeitrag &#8211; Eurer Kreativit\u00e4t sind keine Grenzen gesetzt.<br><br><strong>Lasst uns an diejenigen erinnern, die gegen diese Ungerechtigkeit gek\u00e4mpft und mit ihrem Leben bezahlt haben.&nbsp;<\/strong><br><strong>Lasst uns nicht diejenigen vergessen, die im Gef\u00e4ngnis sind und ihren Kampf fortsetzen.<\/strong><br><strong>Lasst uns weiter k\u00e4mpfen!<\/strong><br><strong>Lasst die Reichen f\u00fcr Covid bezahlen!<\/strong><\/p>\n","protected":false},"excerpt":{"rendered":"<p>Es existiert eine fundamentale L\u00fcge in der kapitalistischen Gesellschaft. Ein Versprechen, das niemals wahr wird. Das Versprechen der Freiheit &#8211; man muss nur hart genug arbeiten. Jedes Mal, wenn wir \u00fcber die Krise des Kapitalismus stolpern, werden wir daran erinnert. Mehr als ein Jahr&nbsp; mit Covid-19 liegt hinter uns. Manche sagen, dass Covid-19 eine Gesundheitskrise [&hellip;]<\/p>\n","protected":false},"author":2,"featured_media":1470,"parent":0,"menu_order":0,"comment_status":"closed","ping_status":"closed","template":"","meta":{"footnotes":""},"class_list":["post-1455","page","type-page","status-publish","has-post-thumbnail","hentry"],"_links":{"self":[{"href":"https:\/\/solidarity.international\/index.php\/wp-json\/wp\/v2\/pages\/1455","targetHints":{"allow":["GET"]}}],"collection":[{"href":"https:\/\/solidarity.international\/index.php\/wp-json\/wp\/v2\/pages"}],"about":[{"href":"https:\/\/solidarity.international\/index.php\/wp-json\/wp\/v2\/types\/page"}],"author":[{"embeddable":true,"href":"https:\/\/solidarity.international\/index.php\/wp-json\/wp\/v2\/users\/2"}],"replies":[{"embeddable":true,"href":"https:\/\/solidarity.international\/index.php\/wp-json\/wp\/v2\/comments?post=1455"}],"version-history":[{"count":3,"href":"https:\/\/solidarity.international\/index.php\/wp-json\/wp\/v2\/pages\/1455\/revisions"}],"predecessor-version":[{"id":1471,"href":"https:\/\/solidarity.international\/index.php\/wp-json\/wp\/v2\/pages\/1455\/revisions\/1471"}],"wp:featuredmedia":[{"embeddable":true,"href":"https:\/\/solidarity.international\/index.php\/wp-json\/wp\/v2\/media\/1470"}],"wp:attachment":[{"href":"https:\/\/solidarity.international\/index.php\/wp-json\/wp\/v2\/media?parent=1455"}],"curies":[{"name":"wp","href":"https:\/\/api.w.org\/{rel}","templated":true}]}}