{"id":1260,"date":"2020-03-06T12:13:16","date_gmt":"2020-03-06T11:13:16","guid":{"rendered":"http:\/\/solidarity.international\/?page_id=1260"},"modified":"2020-08-25T12:15:52","modified_gmt":"2020-08-25T10:15:52","slug":"call-for-international-week-of-solidarity-with-anarchist-prisoners-2020-23-30-august-2","status":"publish","type":"page","link":"https:\/\/solidarity.international\/index.php\/call-for-international-week-of-solidarity-with-anarchist-prisoners-2020-23-30-august-2\/","title":{"rendered":"Aufruf zur Internationalen Woche der Solidarit\u00e4t mit anarchistischen Gefangenen vom 23. bis 30. August 2020"},"content":{"rendered":"\n<p>Ein neues Jahrzehnt hat auf diesem Planeten begonnen. Mit dem Aufstieg rechter Bewegungen und dem langsamen Niedergang der Sozialdemokratie blicken wir f\u00fcr die kommenden Jahre einem intensiven Kampf gegen Staat und Kapitalismus entgegen. Doch schon jetzt sitzen viele Anarchist:innen wegen ihrer K\u00e4mpfe in Gef\u00e4ngnissen, von liberalen Menschenrechts-NGOs wegen ihrer &#8220;gewaltt\u00e4tigen&#8221; Aktionen nicht beachtet.<\/p>\n\n\n\n<p>Nicht selten erhalten Anarchist:innen Solidarit\u00e4t aus den Teilen der Gesellschaft, aus denen sie kommen. Wer kann sie schlie\u00dflich besser unterst\u00fctzen als die Mitmenschen, die im gleichen Elend der Ausbeutung gefangen sind. Wir glauben jedoch, dass die Verantwortung f\u00fcr diejenigen, die in verschiedenen Teilen der Welt Repressionen ausgesetzt sind, nicht nur auf den Schultern der lokalen Gemeinschaft, sondern auch auf denen der internationalen anarchistischen Bewegung liegen sollte. Durch unsere kollektiven Aktionen k\u00f6nnen wir nicht nur die Ressourcen, die anderswo ben\u00f6tigt werden, weitergeben. Wir k\u00f6nnen, durch revolution\u00e4re Liebe und direkte Aktionen auch die Feuer in den Herzen der Inhaftieren am brennen halten!<\/p>\n\n\n\n<figure class=\"wp-block-image size-large\"><img loading=\"lazy\" decoding=\"async\" width=\"1024\" height=\"724\" src=\"https:\/\/solidarity.international\/wp-content\/uploads\/2020\/05\/final_de-1024x724.png\" alt=\"\" class=\"wp-image-1314\" srcset=\"https:\/\/solidarity.international\/wp-content\/uploads\/2020\/05\/final_de-1024x724.png 1024w, https:\/\/solidarity.international\/wp-content\/uploads\/2020\/05\/final_de-300x212.png 300w, https:\/\/solidarity.international\/wp-content\/uploads\/2020\/05\/final_de-768x543.png 768w, https:\/\/solidarity.international\/wp-content\/uploads\/2020\/05\/final_de-1536x1086.png 1536w, https:\/\/solidarity.international\/wp-content\/uploads\/2020\/05\/final_de-2048x1448.png 2048w, https:\/\/solidarity.international\/wp-content\/uploads\/2020\/05\/final_de-1200x849.png 1200w, https:\/\/solidarity.international\/wp-content\/uploads\/2020\/05\/final_de-1980x1400.png 1980w\" sizes=\"auto, (max-width: 1024px) 100vw, 1024px\" \/><\/figure>\n\n\n\n<p>Dies ist ein Aufruf an euch, sich mit den inhaftierten Anarchist:innen auf der ganzen Welt solidarisch zu zeigen. Ab dem 23. August 2020 &#8211; dem Tag der Hinrichtung von Sacco und Vanzetti &#8211; k\u00f6nnt ihr alles tun, was ihr euch nur vorstellen k\u00f6nnt. Einiges davon solltet ihr in die Tat umsetzen, damit die Menschen eure Energie sp\u00fcren k\u00f6nnen und unsere kollektive St\u00e4rke im revolution\u00e4ren Kampf sichtbar wird!<\/p>\n\n\n\n<p><em>325<br>ABC Brighton<br>ABC Warsaw<br>ABC Dresden<br>ABC Belarus<br>NYC Anarchist Black Cross<br>Cempaka Collective<br>Anarchist Union of Afghanistan and Iran<\/em><br><em>anarchistnews.org<\/em><br>A-Radio Berlin<\/p>\n","protected":false},"excerpt":{"rendered":"<p>Ein neues Jahrzehnt hat auf diesem Planeten begonnen. Mit dem Aufstieg rechter Bewegungen und dem langsamen Niedergang der Sozialdemokratie blicken wir f\u00fcr die kommenden Jahre einem intensiven Kampf gegen Staat und Kapitalismus entgegen. Doch schon jetzt sitzen viele Anarchist:innen wegen ihrer K\u00e4mpfe in Gef\u00e4ngnissen, von liberalen Menschenrechts-NGOs wegen ihrer &#8220;gewaltt\u00e4tigen&#8221; Aktionen nicht beachtet. Nicht selten [&hellip;]<\/p>\n","protected":false},"author":2,"featured_media":777,"parent":0,"menu_order":0,"comment_status":"closed","ping_status":"closed","template":"","meta":{"footnotes":""},"class_list":["post-1260","page","type-page","status-publish","has-post-thumbnail","hentry"],"_links":{"self":[{"href":"https:\/\/solidarity.international\/index.php\/wp-json\/wp\/v2\/pages\/1260","targetHints":{"allow":["GET"]}}],"collection":[{"href":"https:\/\/solidarity.international\/index.php\/wp-json\/wp\/v2\/pages"}],"about":[{"href":"https:\/\/solidarity.international\/index.php\/wp-json\/wp\/v2\/types\/page"}],"author":[{"embeddable":true,"href":"https:\/\/solidarity.international\/index.php\/wp-json\/wp\/v2\/users\/2"}],"replies":[{"embeddable":true,"href":"https:\/\/solidarity.international\/index.php\/wp-json\/wp\/v2\/comments?post=1260"}],"version-history":[{"count":5,"href":"https:\/\/solidarity.international\/index.php\/wp-json\/wp\/v2\/pages\/1260\/revisions"}],"predecessor-version":[{"id":1399,"href":"https:\/\/solidarity.international\/index.php\/wp-json\/wp\/v2\/pages\/1260\/revisions\/1399"}],"wp:featuredmedia":[{"embeddable":true,"href":"https:\/\/solidarity.international\/index.php\/wp-json\/wp\/v2\/media\/777"}],"wp:attachment":[{"href":"https:\/\/solidarity.international\/index.php\/wp-json\/wp\/v2\/media?parent=1260"}],"curies":[{"name":"wp","href":"https:\/\/api.w.org\/{rel}","templated":true}]}}